{"id":9957,"date":"2020-11-01T20:21:30","date_gmt":"2020-11-01T19:21:30","guid":{"rendered":"https:\/\/radtkeclinic.pl\/?page_id=9957"},"modified":"2026-02-04T20:55:41","modified_gmt":"2026-02-04T19:55:41","slug":"medycyna-estetyczna","status":"publish","type":"page","link":"https:\/\/radtkeclinic.pl\/grudziadz\/medycyna-estetyczna\/","title":{"rendered":"Medycyna Estetyczna"},"content":{"rendered":"<div class=\"wpb-content-wrapper\"><p>[vc_row][vc_column][vc_empty_space height=&#8221;80px&#8221;]<div class=\"mkdf-elements-holder mkdf-one-column mkdf-responsive-mode-768\" ><div class=\"mkdf-eh-item \"  data-item-class=\"mkdf-eh-custom-815510\">\n\t<div class=\"mkdf-eh-item-inner\">\n\t\t<div class=\"mkdf-eh-item-content mkdf-eh-custom-815510\" >\n\t\t\t<div class=\"mkdf-section-title-holder mkdf-st-standard mkdf-st-title-left mkdf-st-normal-space \" style=\"text-align: center\">\n\t<div class=\"mkdf-st-inner\">\n\t\t\t\t\t<h2 class=\"mkdf-st-title\" >\n\t\t\t\tMedycyna estetyczna w Grudzi\u0105dzu\t\t\t<\/h2>\n\t\t\t\t\t<\/div>\n<\/div>\t\t<\/div>\n\t<\/div>\n<\/div><\/div>[\/vc_column][\/vc_row][vc_row row_content_width=&#8221;grid&#8221; css=&#8221;.vc_custom_1494253968547{padding-bottom: 70px !important;}&#8221;][vc_column width=&#8221;7\/12&#8243;][vc_empty_space height=&#8221;40px&#8221;]<div class=\"mkdf-elements-holder mkdf-one-column mkdf-responsive-mode-768\" ><div class=\"mkdf-eh-item \"  data-item-class=\"mkdf-eh-custom-391492\" data-768-1024=\"0px 0%\" data-600-768=\"0px 0%\" data-480-600=\"0px 0%\" data-480=\"0px 0%\">\n\t<div class=\"mkdf-eh-item-inner\">\n\t\t<div class=\"mkdf-eh-item-content mkdf-eh-custom-391492\" style=\"padding: 0 40px 0 0\">\n\t\t\t[vc_column_text]<\/p>\n<p style=\"text-align: left;\">\u00a0\u00a0\u00a0\u00a0 Id\u0105c z duchem czasu i chc\u0105c sprosta\u0107 najwy\u017cszym wymaganiom w zapewnieniu pi\u0119knego, m\u0142odego i zdrowego wygl\u0105du , kt\u00f3ry ka\u017cdy z nas chce utrzyma\u0107 jak najd\u0142u\u017cej chcemy Pa\u0144stwu zaoferowa\u0107 najwy\u017csz\u0105 jako\u015b\u0107 oraz szeroki wachlarz zabieg\u00f3w z zakresu medycyny estetycznej<\/p>\n<p>[\/vc_column_text][vc_empty_space height=&#8221;20px&#8221;][vc_column_text]<\/p>\n<p style=\"text-align: left;\">\u00a0\u00a0\u00a0 <strong>W Radtke Clinic chcemy podej\u015b\u0107 do pacjenta holistycznie zapewniaj\u0105c mu nie tylko kompleksow\u0105 opiek\u0119 medyczn\u0105 ale te\u017c chcemy sprawi\u0107 \u017ceby dobrze czu\u0142 si\u0119 w swoim ciele. Z<\/strong>ajmujemy si\u0119 wrodzonymi i nabytymi defektami estetycznymi ca\u0142ego cia\u0142a. W naszej ofercie zabieg\u00f3w estetycznych znajd\u0105 Pa\u0144stwo zabiegi z u\u017cyciem wysokiej klasy kwasu hialuronowego m.in. modelowanie i powi\u0119kszanie ust, modelowanie owalu twarzy, lifting twarzy, jak r\u00f3wnie\u017c zabiegi z u\u017cyciem toksyny botulinowej ( \u201ebotoks\u201d) takie jak usuwanie zmarszczek na twarzy i ciele oraz \u00a0leczenie nadpotliwo\u015bci. W naszej ofercie znajd\u0105 Pa\u0144stwo r\u00f3wnie\u017c zabiegi na sk\u00f3r\u0119 g\u0142owy: mezoterapia ig\u0142owa, mezoterapia z u\u017cyciem specjalistycznych preparat\u00f3w na \u0142ysienie.\u00a0Osobn\u0105 grup\u0119 zabieg\u00f3w stanowi zabiegi na twarz :peeling lekarski chemiczne Enerpeel. Jedn\u0105 z ciekawszych a zarazem spektakularnych w swoim efekcie jest zabieg skleroterapii paj\u0105czk\u00f3w naczyniowych. <strong>Szczeg\u00f3\u0142owe informacje odno\u015bnie rodzaj\u00f3w zabieg\u00f3w i ich cenie znajd\u0105 Pa\u0144stwo poni\u017cej.<\/strong><\/p>\n<p>[\/vc_column_text]\t\t<\/div>\n\t<\/div>\n<\/div><\/div>[vc_empty_space height=&#8221;40px&#8221;][\/vc_column][vc_column width=&#8221;5\/12&#8243;][vc_empty_space height=&#8221;55px&#8221;][vc_single_image image=&#8221;9959&#8243; img_size=&#8221;full&#8221; alignment=&#8221;center&#8221;][\/vc_column][\/vc_row][vc_row][vc_column]<div class=\"mkdf-elements-holder mkdf-one-column mkdf-responsive-mode-768\" ><div class=\"mkdf-eh-item \"  data-item-class=\"mkdf-eh-custom-266784\">\n\t<div class=\"mkdf-eh-item-inner\">\n\t\t<div class=\"mkdf-eh-item-content mkdf-eh-custom-266784\" >\n\t\t\t<div class=\"mkdf-section-title-holder mkdf-st-standard mkdf-st-title-left mkdf-st-normal-space \" style=\"text-align: center\">\n\t<div class=\"mkdf-st-inner\">\n\t\t\t\t\t<h3 class=\"mkdf-st-title\" >\n\t\t\t\tSpecjali\u015bci z zakresu medycyny estetycznej w Radtke Clinic\t\t\t<\/h3>\n\t\t\t\t\t<\/div>\n<\/div>\t\t<\/div>\n\t<\/div>\n<\/div><\/div>[\/vc_column][\/vc_row][vc_row row_content_width=&#8221;grid&#8221; css=&#8221;.vc_custom_1494253968547{padding-bottom: 70px !important;}&#8221;][vc_column width=&#8221;5\/12&#8243;][vc_empty_space height=&#8221;55px&#8221;][vc_single_image image=&#8221;10406&#8243; img_size=&#8221;full&#8221; alignment=&#8221;center&#8221;][vc_empty_space height=&#8221;40px&#8221;][\/vc_column][vc_column width=&#8221;7\/12&#8243;][vc_empty_space height=&#8221;40px&#8221;]<div class=\"mkdf-elements-holder mkdf-one-column mkdf-responsive-mode-768\" ><div class=\"mkdf-eh-item \"  data-item-class=\"mkdf-eh-custom-717857\" data-768-1024=\"0px 0%\" data-600-768=\"0px 0%\" data-480-600=\"0px 0%\" data-480=\"0px 0%\">\n\t<div class=\"mkdf-eh-item-inner\">\n\t\t<div class=\"mkdf-eh-item-content mkdf-eh-custom-717857\" style=\"padding: 0 40px 0 0\">\n\t\t\t[vc_column_text]Dr Joanna Samodzewicz to lekarz specjalista medycyny estetycznej oraz rezydentka w trakcie specjalizacji w dziedzinie po\u0142o\u017cnictwa i ginekologii . Pani doktor uko\u0144czy\u0142a studia podyplomowe w zakresie medycyny estetycznej na Warszawskim Uniwersytecie Medycznym czym potwierdzi\u0142a swoje umiej\u0119tno\u015bci i kwalifikacje do wykonywania zabieg\u00f3w z zakresu medycyny estetycznej . Chc\u0105c by\u0107 na bie\u017c\u0105co i m\u00f3c zapewni\u0107 swoim pacjentom najwy\u017cszy poziom \u015bwiadcze\u0144 medycznych Pani doktor nieustannie doskonali swoje umiej\u0119tno\u015bci uczestnicz\u0105c w kursach i warsztatach w dziedzinie medycyny estetycznej i medycyny anti aging.[\/vc_column_text][vc_empty_space height=&#8221;20px&#8221;]\t\t<\/div>\n\t<\/div>\n<\/div><\/div>[vc_empty_space height=&#8221;40px&#8221;][\/vc_column][\/vc_row][vc_row row_content_width=&#8221;grid&#8221;][vc_column][vc_separator][\/vc_column][\/vc_row][vc_row row_content_width=&#8221;grid&#8221;][vc_column]<div class=\"mkdf-elements-holder mkdf-one-column mkdf-responsive-mode-768\" ><div class=\"mkdf-eh-item \"  data-item-class=\"mkdf-eh-custom-511238\">\n\t<div class=\"mkdf-eh-item-inner\">\n\t\t<div class=\"mkdf-eh-item-content mkdf-eh-custom-511238\" >\n\t\t\t<div class=\"mkdf-section-title-holder mkdf-st-standard mkdf-st-title-left mkdf-st-normal-space \" style=\"text-align: center\">\n\t<div class=\"mkdf-st-inner\">\n\t\t\t\t\t<h3 class=\"mkdf-st-title\" >\n\t\t\t\tPoznaj nasz\u0105 ofert\u0119\t\t\t<\/h3>\n\t\t\t\t\t<\/div>\n<\/div>[vc_empty_space height=&#8221;30px&#8221;]\t\t<\/div>\n\t<\/div>\n<\/div><\/div><a itemprop=\"url\" href=\"https:\/\/radtkeclinic.pl\/medycyna-estetyczna\/toksyna-botulinowa-wygladzanie-zmarszczek\/\" target=\"_self\"  class=\"mkdf-btn mkdf-btn-huge mkdf-btn-solid mkdf-btn-solid-dark\"  >\n    <span class=\"mkdf-btn-text\">Toksyna botulinowa - wyg\u0142adzanie zmarszczek<\/span>\n    <span class=\"mkdf-btn-icon-holder\">\n        <span class=\"mkdf-btn-icon-normal\" ><\/span>\n        <span class=\"mkdf-btn-icon-flip\" ><\/span>\n    <\/span>\n<\/a>[vc_empty_space height=&#8221;5px&#8221;]<a itemprop=\"url\" href=\"https:\/\/radtkeclinic.pl\/medycyna-estetyczna\/toksyna-botulinowa-leczenie-nadpotliwosci\/\" target=\"_self\"  class=\"mkdf-btn mkdf-btn-huge mkdf-btn-solid mkdf-btn-solid-dark\"  >\n    <span class=\"mkdf-btn-text\">Toksyna botulinowa - leczenie nadpotliwo\u015bci<\/span>\n    <span class=\"mkdf-btn-icon-holder\">\n        <span class=\"mkdf-btn-icon-normal\" ><\/span>\n        <span class=\"mkdf-btn-icon-flip\" ><\/span>\n    <\/span>\n<\/a>[vc_empty_space height=&#8221;5px&#8221;]<a itemprop=\"url\" href=\"https:\/\/radtkeclinic.pl\/medycyna-estetyczna\/kwas-hialuronowy-neauvia\/\" target=\"_self\"  class=\"mkdf-btn mkdf-btn-huge mkdf-btn-solid mkdf-btn-solid-dark\"  >\n    <span class=\"mkdf-btn-text\">Kwas hialuronowy - Neauvia<\/span>\n    <span class=\"mkdf-btn-icon-holder\">\n        <span class=\"mkdf-btn-icon-normal\" ><\/span>\n        <span class=\"mkdf-btn-icon-flip\" ><\/span>\n    <\/span>\n<\/a>[vc_empty_space height=&#8221;5px&#8221;]<a itemprop=\"url\" href=\"https:\/\/radtkeclinic.pl\/medycyna-estetyczna\/skleroterapia\/\" target=\"_self\"  class=\"mkdf-btn mkdf-btn-huge mkdf-btn-solid mkdf-btn-solid-dark\"  >\n    <span class=\"mkdf-btn-text\">Skleroterapia<\/span>\n    <span class=\"mkdf-btn-icon-holder\">\n        <span class=\"mkdf-btn-icon-normal\" ><\/span>\n        <span class=\"mkdf-btn-icon-flip\" ><\/span>\n    <\/span>\n<\/a>[vc_empty_space height=&#8221;5px&#8221;]<a itemprop=\"url\" href=\"https:\/\/radtkeclinic.pl\/medycyna-estetyczna\/odmladzanie-dloni\/\" target=\"_self\"  class=\"mkdf-btn mkdf-btn-huge mkdf-btn-solid mkdf-btn-solid-dark\"  >\n    <span class=\"mkdf-btn-text\">Odm\u0142adzanie d\u0142oni<\/span>\n    <span class=\"mkdf-btn-icon-holder\">\n        <span class=\"mkdf-btn-icon-normal\" ><\/span>\n        <span class=\"mkdf-btn-icon-flip\" ><\/span>\n    <\/span>\n<\/a>[vc_empty_space height=&#8221;5px&#8221;]<a itemprop=\"url\" href=\"https:\/\/radtkeclinic.pl\/medycyna-estetyczna\/mezoterapia-iglowa\/\" target=\"_self\"  class=\"mkdf-btn mkdf-btn-huge mkdf-btn-solid mkdf-btn-solid-dark\"  >\n    <span class=\"mkdf-btn-text\">Mezoterapia ig\u0142owa<\/span>\n    <span class=\"mkdf-btn-icon-holder\">\n        <span class=\"mkdf-btn-icon-normal\" ><\/span>\n        <span class=\"mkdf-btn-icon-flip\" ><\/span>\n    <\/span>\n<\/a>[vc_empty_space height=&#8221;5px&#8221;]<a itemprop=\"url\" href=\"https:\/\/radtkeclinic.pl\/medycyna-estetyczna\/dla-mezczyzn\/\" target=\"_self\"  class=\"mkdf-btn mkdf-btn-huge mkdf-btn-solid mkdf-btn-solid-dark\"  >\n    <span class=\"mkdf-btn-text\">Dla m\u0119\u017cczyzn<\/span>\n    <span class=\"mkdf-btn-icon-holder\">\n        <span class=\"mkdf-btn-icon-normal\" ><\/span>\n        <span class=\"mkdf-btn-icon-flip\" ><\/span>\n    <\/span>\n<\/a>[vc_empty_space height=&#8221;5px&#8221;]<a itemprop=\"url\" href=\"https:\/\/radtkeclinic.pl\/medycyna-estetyczna\/labioplastyka-plastyka-warg-sromowych\/\" target=\"_self\"  class=\"mkdf-btn mkdf-btn-huge mkdf-btn-solid mkdf-btn-solid-dark\"  >\n    <span class=\"mkdf-btn-text\">Labioplastyka - plastyka warg sromowych<\/span>\n    <span class=\"mkdf-btn-icon-holder\">\n        <span class=\"mkdf-btn-icon-normal\" ><\/span>\n        <span class=\"mkdf-btn-icon-flip\" ><\/span>\n    <\/span>\n<\/a>[vc_empty_space height=&#8221;5px&#8221;]<a itemprop=\"url\" href=\"https:\/\/radtkeclinic.pl\/medycyna-estetyczna\/bogatoplytkowa-fibryna-iprf\/\" target=\"_self\"  class=\"mkdf-btn mkdf-btn-huge mkdf-btn-solid mkdf-btn-solid-dark\"  >\n    <span class=\"mkdf-btn-text\">Bogatop\u0142ytkowa fibryna iPRF-odm\u0142odzenie i regeneracja sk\u00f3ry, leczenie \u0142ysienia<\/span>\n    <span class=\"mkdf-btn-icon-holder\">\n        <span class=\"mkdf-btn-icon-normal\" ><\/span>\n        <span class=\"mkdf-btn-icon-flip\" ><\/span>\n    <\/span>\n<\/a>[vc_empty_space height=&#8221;5px&#8221;]<a itemprop=\"url\" href=\"https:\/\/radtkeclinic.pl\/medycyna-estetyczna\/osocze-bogatoplytkowe-prp\/\" target=\"_self\"  class=\"mkdf-btn mkdf-btn-huge mkdf-btn-solid mkdf-btn-solid-dark\"  >\n    <span class=\"mkdf-btn-text\">Osocze bogatop\u0142ytkowe PRP-rewitalizacja i odm\u0142odzenie sk\u00f3ry, terapia blizn, rozst\u0119p\u00f3w, \u0142ysienia<\/span>\n    <span class=\"mkdf-btn-icon-holder\">\n        <span class=\"mkdf-btn-icon-normal\" ><\/span>\n        <span class=\"mkdf-btn-icon-flip\" ><\/span>\n    <\/span>\n<\/a>[\/vc_column][\/vc_row]<\/p>\n<\/div>","protected":false},"excerpt":{"rendered":"<p>[vc_row][vc_column][vc_empty_space height=&#8221;80px&#8221;][\/vc_column][\/vc_row][vc_row row_content_width=&#8221;grid&#8221; css=&#8221;.vc_custom_1494253968547{padding-bottom: 70px !important;}&#8221;][vc_column width=&#8221;7\/12&#8243;][vc_empty_space height=&#8221;40px&#8221;][vc_empty_space height=&#8221;40px&#8221;][\/vc_column][vc_column width=&#8221;5\/12&#8243;][vc_empty_space height=&#8221;55px&#8221;][vc_single_image image=&#8221;9959&#8243; img_size=&#8221;full&#8221; alignment=&#8221;center&#8221;][\/vc_column][\/vc_row][vc_row][vc_column][\/vc_column][\/vc_row][vc_row row_content_width=&#8221;grid&#8221; css=&#8221;.vc_custom_1494253968547{padding-bottom: 70px !important;}&#8221;][vc_column width=&#8221;5\/12&#8243;][vc_empty_space height=&#8221;55px&#8221;][vc_single_image image=&#8221;10406&#8243; img_size=&#8221;full&#8221; alignment=&#8221;center&#8221;][vc_empty_space height=&#8221;40px&#8221;][\/vc_column][vc_column width=&#8221;7\/12&#8243;][vc_empty_space height=&#8221;40px&#8221;][vc_empty_space height=&#8221;40px&#8221;][\/vc_column][\/vc_row][vc_row row_content_width=&#8221;grid&#8221;][vc_column][vc_separator][\/vc_column][\/vc_row][vc_row row_content_width=&#8221;grid&#8221;][vc_column][vc_empty_space height=&#8221;5px&#8221;][vc_empty_space height=&#8221;5px&#8221;][vc_empty_space height=&#8221;5px&#8221;][vc_empty_space height=&#8221;5px&#8221;][vc_empty_space height=&#8221;5px&#8221;][vc_empty_space height=&#8221;5px&#8221;][vc_empty_space height=&#8221;5px&#8221;][vc_empty_space height=&#8221;5px&#8221;][vc_empty_space height=&#8221;5px&#8221;][\/vc_column][\/vc_row]<\/p>\n","protected":false},"author":1,"featured_media":0,"parent":0,"menu_order":1,"comment_status":"closed","ping_status":"closed","template":"full-width.php","meta":{"_monsterinsights_skip_tracking":false,"_monsterinsights_sitenote_active":false,"_monsterinsights_sitenote_note":"","_monsterinsights_sitenote_category":0,"footnotes":""},"class_list":["post-9957","page","type-page","status-publish","hentry"],"_links":{"self":[{"href":"https:\/\/radtkeclinic.pl\/grudziadz\/wp-json\/wp\/v2\/pages\/9957","targetHints":{"allow":["GET"]}}],"collection":[{"href":"https:\/\/radtkeclinic.pl\/grudziadz\/wp-json\/wp\/v2\/pages"}],"about":[{"href":"https:\/\/radtkeclinic.pl\/grudziadz\/wp-json\/wp\/v2\/types\/page"}],"author":[{"embeddable":true,"href":"https:\/\/radtkeclinic.pl\/grudziadz\/wp-json\/wp\/v2\/users\/1"}],"replies":[{"embeddable":true,"href":"https:\/\/radtkeclinic.pl\/grudziadz\/wp-json\/wp\/v2\/comments?post=9957"}],"version-history":[{"count":45,"href":"https:\/\/radtkeclinic.pl\/grudziadz\/wp-json\/wp\/v2\/pages\/9957\/revisions"}],"predecessor-version":[{"id":11021,"href":"https:\/\/radtkeclinic.pl\/grudziadz\/wp-json\/wp\/v2\/pages\/9957\/revisions\/11021"}],"wp:attachment":[{"href":"https:\/\/radtkeclinic.pl\/grudziadz\/wp-json\/wp\/v2\/media?parent=9957"}],"curies":[{"name":"wp","href":"https:\/\/api.w.org\/{rel}","templated":true}]}}