{"id":9756,"date":"2020-03-05T22:42:34","date_gmt":"2020-03-05T21:42:34","guid":{"rendered":"http:\/\/radtkeclinic.pl\/grudziadz\/?page_id=9756"},"modified":"2022-02-22T09:32:41","modified_gmt":"2022-02-22T08:32:41","slug":"polityka-prywatnosci","status":"publish","type":"page","link":"https:\/\/radtkeclinic.pl\/grudziadz\/polityka-prywatnosci\/","title":{"rendered":"Polityka prywatno\u015bci"},"content":{"rendered":"<div class=\"wpb-content-wrapper\"><p>[vc_row][vc_column][vc_empty_space height=&#8221;80px&#8221;]<div class=\"mkdf-elements-holder mkdf-one-column mkdf-responsive-mode-768\" ><div class=\"mkdf-eh-item \"  data-item-class=\"mkdf-eh-custom-549831\">\n\t<div class=\"mkdf-eh-item-inner\">\n\t\t<div class=\"mkdf-eh-item-content mkdf-eh-custom-549831\" >\n\t\t\t<div class=\"mkdf-section-title-holder mkdf-st-standard mkdf-st-title-left mkdf-st-normal-space \" style=\"text-align: center\">\n\t<div class=\"mkdf-st-inner\">\n\t\t\t\t\t<h2 class=\"mkdf-st-title\" >\n\t\t\t\tPolityka Prywatno\u015bci\t\t\t<\/h2>\n\t\t\t\t\t<\/div>\n<\/div>\t\t<\/div>\n\t<\/div>\n<\/div><\/div>[\/vc_column][\/vc_row][vc_row row_content_width=&#8221;grid&#8221; css=&#8221;.vc_custom_1494253968547{padding-bottom: 70px !important;}&#8221;][vc_column][vc_empty_space height=&#8221;40px&#8221;]<div class=\"mkdf-elements-holder mkdf-one-column mkdf-responsive-mode-768\" ><div class=\"mkdf-eh-item \"  data-item-class=\"mkdf-eh-custom-231030\" data-768-1024=\"0px 0%\" data-600-768=\"0px 0%\" data-480-600=\"0px 0%\" data-480=\"0px 0%\">\n\t<div class=\"mkdf-eh-item-inner\">\n\t\t<div class=\"mkdf-eh-item-content mkdf-eh-custom-231030\" style=\"padding: 0 40px 0 0\">\n\t\t\t[vc_column_text]<\/p>\n<div id=\"page\">\n<p style=\"text-align: center;\"><strong>KLAUZULA INFORMACYJNA DLA PACJENT\u00d3W<\/strong><\/p>\n<p>&nbsp;<\/p>\n<p>&nbsp;<\/p>\n<p style=\"text-align: left;\">Zgodnie z art. 13 rozporz\u0105dzenia Parlamentu Europejskiego i Rady (UE) 2016\/679\u00a0 z 27.04.2016 r. w sprawie ochrony os\u00f3b fizycznych w zwi\u0105zku z przetwarzaniem danych osobowych i w sprawie swobodnego przep\u0142ywu takich danych oraz uchylenia Dyrektywy 95\/46\/WE (og\u00f3lne rozporz\u0105dzenie o ochronie danych) (Dz. Urz. UE L 119, s. 1) \u2013 dalej RODO \u2212 informujemy, i\u017c:<\/p>\n<p>&nbsp;<\/p>\n<p>1. Administratorem Danych Osobowych jest:<\/p>\n<p><strong>RADTKE CLINIC CENTRUM MEDYCZNE SP\u00d3\u0141KA CYWILNA<\/strong>, ul. Laskowicka, nr 2-4, 86-300 Grudzi\u0105dz, NIP 8762491130, REGON 385722226.<\/p>\n<p>2. Administrator Danych Osobowych nie wyznaczy\u0142 Inspektora Ochrony Danych Osobowych. We wszelkich sprawach zwi\u0105zanych z przetwarzaniem danych osobowych przez Administratora Danych Osobowych mo\u017cna uzyska\u0107 informacj\u0119, kontaktuj\u0105c si\u0119 z Administratorem Danych Osobowych w nast\u0119puj\u0105cej formie:<\/p>\n<p>Tel. 736 79 79 79, e-mail <a href=\"mailto:office@example.com\">rejestracja@radtkeclinic.pl<\/a><\/p>\n<p>3. Podczas \u015bwiadczenia us\u0142ug tworzymy dokumentacj\u0119 medyczn\u0105, w kt\u00f3rej odnotowuje si\u0119 wszystkie informacje dotycz\u0105ce procesu leczenia w szczeg\u00f3lno\u015bci informacje o stanie zdrowia, na\u0142ogach, preferencjach seksualnych. Dane te s\u0105 zbierane tylko wtedy je\u017celi s\u0105 niezb\u0119dne do prawid\u0142owego procesu leczenia.<\/p>\n<p>4. Celem przetwarzania Pani\/Pana danych osobowych jest:<\/p>\n<p>a) ustalenie Pani\/Pana to\u017csamo\u015bci przed udzieleniem \u015bwiadczenia, weryfikacja danych w rejestracji lub gabinecie lekarskim (art. 6 ust.1 lit C oraz art. 9 ust. 1 lit H RODO),<\/p>\n<p>b) prowadzenie i przechowywanie dokumentacji medycznej (art. 9 ust.2 lit H RODO),<\/p>\n<p>c) realizacja praw pacjenta \u2013 odbieranie o\u015bwiadcze\u0144, upowa\u017cnienie innych os\u00f3b do informacji o stanie zdrowia, dokumentacji medycznej (art. 6 ust. 1 lit C RODO),<\/p>\n<p>d) kontakt (na podany email lub telefonicznie z powod\u00f3w organizacyjnych (zmiana terminu wizyty, informacja o przygotowaniu do \u015bwiadczenia, odbi\u00f3r wynik\u00f3w (ary. 6 ust. 1 lit B oraz F RODO),<\/p>\n<p>e) dochodzenie roszcze\u0144 oraz prowadzenia rozlicze\u0144 finansowych z prowadzonej dzia\u0142alno\u015bci gospodarczej (art. 6 ust. 1 lit. C RODO)<\/p>\n<p>5. Pani\/Pana dane osobowe b\u0119d\u0105 przekazywane:<\/p>\n<p>a) innym wsp\u00f3\u0142pracuj\u0105cym podmiotom leczniczym w celu zapewnienia ci\u0105g\u0142o\u015bci leczenia,<\/p>\n<p>b) dostawcom us\u0142ug i rozwi\u0105za\u0144 technicznych\/ organizacyjnych (teleinformatycznym, firmom kurierskich, pocztowym, dostawcom sprz\u0119tu diagnostycznego),<\/p>\n<p>c) dostawc\u0105 us\u0142ug prawnych i doradczych (kancelariom prawnym, firmom windykacyjnym),<\/p>\n<p>d) osobom upowa\u017cnionym przez Pani\u0105\/Pana.<\/p>\n<p>6. Pani\/Pana dane osobowe nie b\u0119d\u0105 przekazywane poza obszar UE.<\/p>\n<p>7. Dokumentacj\u0119 medyczn\u0105 mamy obowi\u0105zek przechowywa\u0107 20 lat od dnia dokonania ostatniego wpisu.<\/p>\n<p>Wszelkie dane przetwarzane na potrzeby rachunkowo\u015bci i wzgl\u0119d\u00f3w podatkowych przetwarzamy przez okres 5 lat liczonych od ko\u0144ca roku kalendarzowego, w kt\u00f3rym powsta\u0142 obowi\u0105zek podatkowy.<\/p>\n<p>Je\u017celi dane s\u0105 przechowywane w celu dochodzenia roszcze\u0144 (w post\u0119powaniach windykacyjnych) przetwarza\u0107 b\u0119dziemy je przez okres przedawnienia roszcze\u0144 wynikaj\u0105cych z Kodeksu Cywilnego.<\/p>\n<p>8. Korzystanie z us\u0142ug <strong>RADTKE CLINIC CENTRUM MEDYCZNE SP\u00d3\u0141KA CYWILNA <\/strong>jest dobrowolne, jednak \u015bwiadcz\u0105c us\u0142ugi zdrowotne jeste\u015bmy zobowi\u0105zani do prowadzenia dokumentacji medycznej w spos\u00f3b okre\u015blony przepisami prawa w tym do ustalenia Pani\/Pana to\u017csamo\u015bci. Brak podania danych b\u0119dzie skutkowa\u0107 odmow\u0105 rezerwacji wizyty lub udzielenia \u015bwiadczenia. Ze wzgl\u0119d\u00f3w rachunkowych i podatkowych podanych przez Pani\u0105\/Pana danych jest wymagana przepisami prawa. Brak podania danych b\u0119dzie skutkowa\u0142 brakiem mo\u017cliwo\u015bci wystawienia faktury.<\/p>\n<p>9. Brak podania numeru telefonu, email (podawanych dobrowolnie) b\u0119dzie skutkowa\u0142 brakiem kontaktu ze strony <strong>RADTKE CLINIC CENTRUM MEDYCZNE SP\u00d3\u0141KA CYWILNA.<\/strong><\/p>\n<p><strong>\u00a010. <\/strong>Posiada Pani\/Pan prawo dost\u0119pu do tre\u015bci swoich danych, prawo ich sprostowania, usuni\u0119cia, ograniczenia przetwarzania, prawo do przenoszenia danych lub do wniesienia sprzeciwu wobec ich przetwarzania. Ma Pani\/Pan prawo wniesienia skargi do Prezesa Urz\u0119du Ochrony Danych Osobowych, ul. Stawki 2, 00-193 Warszawa.<\/p>\n<p>11. Pani\/Pana dane osobowe nie podlegaj\u0105 zautomatyzowanemu podejmowaniu decyzji, w tym profilowaniu.<\/p>\n<p>&nbsp;<\/p>\n<\/div>\n<p>&nbsp;<\/p>\n<p>&nbsp;<\/p>\n<div id=\"page\">\n<p>Informacja o plikach &#8222;cookies&#8221;<br \/>\n1. Dla poprawnego dzia\u0142ania swojej strony internetowej Administrator stosuje pliki &#8222;cookies&#8221;, w tym w spos\u00f3b dostosowany do indywidualnych potrzeb.<br \/>\n2. Korzystanie z witryny bez zmian ustawie\u0144 dotycz\u0105cych &#8222;cookies&#8217; oznacza, \u017ce b\u0119d\u0105 one zapisywane na urz\u0105dzeniu ko\u0144cowym osoby korzystaj\u0105cej ze strony internetowej Administratora. Osoba taka mo\u017ce, w ka\u017cdym czasie, dokona\u0107 zmiany ustawie\u0144 dotycz\u0105cych &#8222;cookies&#8217; w swojej przegl\u0105darce internetowej.<br \/>\n3. &#8222;Cookies&#8221; to kr\u00f3tkie pliki tekstowe, kt\u00f3re nie umo\u017cliwiaj\u0105 personalnej identyfikacji osoby odwiedzaj\u0105cej witryn\u0119 i nie s\u0105 w nim zapisywane informacje mog\u0105ce tak\u0105 identyfikacj\u0119 umo\u017cliwi\u0107.<\/p>\n<\/div>\n<p>[\/vc_column_text]\t\t<\/div>\n\t<\/div>\n<\/div><\/div>[vc_empty_space height=&#8221;40px&#8221;][\/vc_column][\/vc_row]<\/p>\n<\/div>","protected":false},"excerpt":{"rendered":"<p>[vc_row][vc_column][vc_empty_space height=&#8221;80px&#8221;][\/vc_column][\/vc_row][vc_row row_content_width=&#8221;grid&#8221; css=&#8221;.vc_custom_1494253968547{padding-bottom: 70px !important;}&#8221;][vc_column][vc_empty_space height=&#8221;40px&#8221;][vc_empty_space height=&#8221;40px&#8221;][\/vc_column][\/vc_row]<\/p>\n","protected":false},"author":1,"featured_media":0,"parent":0,"menu_order":10,"comment_status":"closed","ping_status":"closed","template":"full-width.php","meta":{"_monsterinsights_skip_tracking":false,"_monsterinsights_sitenote_active":false,"_monsterinsights_sitenote_note":"","_monsterinsights_sitenote_category":0,"footnotes":""},"class_list":["post-9756","page","type-page","status-publish","hentry"],"_links":{"self":[{"href":"https:\/\/radtkeclinic.pl\/grudziadz\/wp-json\/wp\/v2\/pages\/9756","targetHints":{"allow":["GET"]}}],"collection":[{"href":"https:\/\/radtkeclinic.pl\/grudziadz\/wp-json\/wp\/v2\/pages"}],"about":[{"href":"https:\/\/radtkeclinic.pl\/grudziadz\/wp-json\/wp\/v2\/types\/page"}],"author":[{"embeddable":true,"href":"https:\/\/radtkeclinic.pl\/grudziadz\/wp-json\/wp\/v2\/users\/1"}],"replies":[{"embeddable":true,"href":"https:\/\/radtkeclinic.pl\/grudziadz\/wp-json\/wp\/v2\/comments?post=9756"}],"version-history":[{"count":8,"href":"https:\/\/radtkeclinic.pl\/grudziadz\/wp-json\/wp\/v2\/pages\/9756\/revisions"}],"predecessor-version":[{"id":10361,"href":"https:\/\/radtkeclinic.pl\/grudziadz\/wp-json\/wp\/v2\/pages\/9756\/revisions\/10361"}],"wp:attachment":[{"href":"https:\/\/radtkeclinic.pl\/grudziadz\/wp-json\/wp\/v2\/media?parent=9756"}],"curies":[{"name":"wp","href":"https:\/\/api.w.org\/{rel}","templated":true}]}}