{"id":5469,"date":"2017-04-11T07:59:41","date_gmt":"2017-04-11T07:59:41","guid":{"rendered":"http:\/\/mediclinic.mikado-themes.com\/?page_id=5469"},"modified":"2026-02-05T20:58:15","modified_gmt":"2026-02-05T19:58:15","slug":"hospital-home","status":"publish","type":"page","link":"https:\/\/radtkeclinic.pl\/grudziadz\/","title":{"rendered":"Start"},"content":{"rendered":"<div class=\"wpb-content-wrapper\"><p>[vc_row row_content_width=&#8221;grid&#8221; content_text_aligment=&#8221;center&#8221; css=&#8221;.vc_custom_1583526607893{padding-top: 38px !important;padding-bottom: 35px !important;}&#8221;][vc_column css=&#8221;.vc_custom_1492007007288{padding-top: 0px !important;}&#8221;][vc_row_inner][vc_column_inner width=&#8221;1\/2&#8243; css=&#8221;.vc_custom_1494316296644{border-right-width: 1px !important;padding-top: 0px !important;border-right-color: #a3a3a3 !important;border-right-style: solid !important;}&#8221; offset=&#8221;vc_col-lg-3 vc_col-md-6 vc_col-xs-12&#8243;]<div class=\"mkdf-elements-holder mkdf-one-column mkdf-responsive-mode-768\" ><div class=\"mkdf-eh-item \"  data-item-class=\"mkdf-eh-custom-310570\" data-768-1024=\"0px 0px 35px\" data-600-768=\"0px 0px 35px\" data-480-600=\"0px 0px 35px\" data-480=\"0px 0px 35px\">\n\t<div class=\"mkdf-eh-item-inner\">\n\t\t<div class=\"mkdf-eh-item-content mkdf-eh-custom-310570\" >\n\t\t\t<div class=\"mkdf-info-icon clearfix mkdf-icon-info-icon-small\">\n\t<div class=\"mkdf-icon-info-icon\">\n\t\t\t\t\t\t\t\t\t    <span class=\"mkdf-icon-shortcode mkdf-normal mkdf-icon-small\"  data-color=\"#00839c\">\n                    <i class=\"mkdf-icon-ion-icon ion-android-call mkdf-icon-element\" style=\"color: #00839c\" ><\/i>            <\/span>\n\t\t\t\t\t\t<\/div>\n\t<div class=\"mkdf-info-icon-content\">\n\t\t\t\t\t\t\t\t\t\t<span class=\"mkdf-info-icon-title-text\" >+ 48 736 79 79 79<\/span>\n\t\t\t\t\t\t\t\t<\/div>\n<\/div>\t\t<\/div>\n\t<\/div>\n<\/div><\/div>[\/vc_column_inner][vc_column_inner width=&#8221;1\/2&#8243; css=&#8221;.vc_custom_1494316325984{border-right-width: 1px !important;padding-top: 0px !important;border-right-color: #a3a3a3 !important;border-right-style: solid !important;}&#8221; offset=&#8221;vc_col-lg-3 vc_col-md-6 vc_col-xs-12&#8243;]<div class=\"mkdf-elements-holder mkdf-one-column mkdf-responsive-mode-768\" ><div class=\"mkdf-eh-item \"  data-item-class=\"mkdf-eh-custom-468394\" data-768-1024=\"0px 0px 35px\" data-600-768=\"0px 0px 35px\" data-480-600=\"0px 0px 35px\" data-480=\"0px 0px 35px\">\n\t<div class=\"mkdf-eh-item-inner\">\n\t\t<div class=\"mkdf-eh-item-content mkdf-eh-custom-468394\" >\n\t\t\t<div class=\"mkdf-info-icon clearfix mkdf-icon-info-icon-small\">\n\t<div class=\"mkdf-icon-info-icon\">\n\t\t\t\t\t\t\t\t\t    <span class=\"mkdf-icon-shortcode mkdf-normal mkdf-icon-small\"  data-color=\"#00839c\">\n                    <i class=\"mkdf-icon-ion-icon ion-ios-clock mkdf-icon-element\" style=\"color: #00839c\" ><\/i>            <\/span>\n\t\t\t\t\t\t<\/div>\n\t<div class=\"mkdf-info-icon-content\">\n\t\t\t\t\t\t\t\t\t\t<span class=\"mkdf-info-icon-title-text\" >Pon - Pt: 8:00 - 20:00<\/span>\n\t\t\t\t\t\t\t\t<\/div>\n<\/div>\t\t<\/div>\n\t<\/div>\n<\/div><\/div>[\/vc_column_inner][vc_column_inner width=&#8221;1\/2&#8243; css=&#8221;.vc_custom_1494316333825{border-right-width: 1px !important;padding-top: 0px !important;border-right-color: #a3a3a3 !important;border-right-style: solid !important;}&#8221; offset=&#8221;vc_col-lg-3 vc_col-md-6 vc_col-xs-12&#8243;]<div class=\"mkdf-elements-holder mkdf-one-column mkdf-responsive-mode-768\" ><div class=\"mkdf-eh-item \"  data-item-class=\"mkdf-eh-custom-871893\" data-768-1024=\"0px 0px 35px\" data-600-768=\"0px 0px 35px\" data-480-600=\"0px 0px 35px\" data-480=\"0px 0px 35px\">\n\t<div class=\"mkdf-eh-item-inner\">\n\t\t<div class=\"mkdf-eh-item-content mkdf-eh-custom-871893\" >\n\t\t\t<div class=\"mkdf-info-icon clearfix mkdf-icon-info-icon-small\">\n\t<div class=\"mkdf-icon-info-icon\">\n\t\t\t\t\t\t\t\t\t    <span class=\"mkdf-icon-shortcode mkdf-normal mkdf-icon-small\"  data-color=\"#00839c\">\n                    <i class=\"mkdf-icon-ion-icon ion-ios-email mkdf-icon-element\" style=\"color: #00839c\" ><\/i>            <\/span>\n\t\t\t\t\t\t<\/div>\n\t<div class=\"mkdf-info-icon-content\">\n\t\t\t\t\t\t\t\t\t\t<span class=\"mkdf-info-icon-title-text\" >rejestracja@radtkeclinic.pl<\/span>\n\t\t\t\t\t\t\t\t<\/div>\n<\/div>\t\t<\/div>\n\t<\/div>\n<\/div><\/div>[\/vc_column_inner][vc_column_inner width=&#8221;1\/2&#8243; css=&#8221;.vc_custom_1494316344198{padding-top: 0px !important;}&#8221; offset=&#8221;vc_col-lg-3 vc_col-md-6 vc_col-xs-12&#8243;]<div class=\"mkdf-elements-holder mkdf-one-column mkdf-responsive-mode-768\" ><div class=\"mkdf-eh-item \"  data-item-class=\"mkdf-eh-custom-696611\" data-768-1024=\"0px 0px\" data-600-768=\"0px 0px\" data-480-600=\"0px 0px 35px\" data-480=\"0px 0px 35px\">\n\t<div class=\"mkdf-eh-item-inner\">\n\t\t<div class=\"mkdf-eh-item-content mkdf-eh-custom-696611\" >\n\t\t\t<div class=\"mkdf-info-icon clearfix mkdf-icon-info-icon-small\">\n\t<div class=\"mkdf-icon-info-icon\">\n\t\t\t\t\t\t\t\t\t    <span class=\"mkdf-icon-shortcode mkdf-normal mkdf-icon-small\"  data-color=\"#00839c\">\n                    <i class=\"mkdf-icon-ion-icon ion-location mkdf-icon-element\" style=\"color: #00839c\" ><\/i>            <\/span>\n\t\t\t\t\t\t<\/div>\n\t<div class=\"mkdf-info-icon-content\">\n\t\t\t\t\t\t\t\t\t\t<span class=\"mkdf-info-icon-title-text\" >Grudzi\u0105dz, ul. Laskowicka 2-4<\/span>\n\t\t\t\t\t\t\t\t<\/div>\n<\/div>\t\t<\/div>\n\t<\/div>\n<\/div><\/div>[\/vc_column_inner][\/vc_row_inner][\/vc_column][\/vc_row][vc_row][vc_column][vc_empty_space height=&#8221;100px&#8221;]<div class=\"mkdf-section-title-holder mkdf-st-standard mkdf-st-title-left mkdf-st-normal-space \" style=\"text-align: center\">\n\t<div class=\"mkdf-st-inner\">\n\t\t\t\t\t<h2 class=\"mkdf-st-title\" style=\"color: #000000\">\n\t\t\t\tCo wyr\u00f3\u017cnia Radtke Clinic?\t\t\t<\/h2>\n\t\t\t\t\t<\/div>\n<\/div>[vc_empty_space height=&#8221;80px&#8221;]<div class=\"mkdf-elements-holder mkdf-one-column mkdf-responsive-mode-768\" ><div class=\"mkdf-eh-item \"  data-item-class=\"mkdf-eh-custom-757283\" data-768-1024=\"0px 0px 35px\" data-600-768=\"0px 0px 35px\" data-480-600=\"0px 0px 35px\" data-480=\"0px 0px 35px\">\n\t<div class=\"mkdf-eh-item-inner\">\n\t\t<div class=\"mkdf-eh-item-content mkdf-eh-custom-757283\" >\n\t\t\t[vc_row_inner row_content_width=&#8221;grid&#8221;][vc_column_inner css=&#8221;.vc_custom_1582744701475{padding-right: 20px !important;}&#8221; offset=&#8221;vc_col-lg-4&#8243;]<div class=\"mkdf-iwt clearfix mkdf-iwt-icon-top mkdf-iwt-icon-tiny\">\n\t<div class=\"mkdf-iwt-icon\" >\n\t\t\t\t\t                <img decoding=\"async\" src=\"https:\/\/radtkeclinic.pl\/grudziadz\/wp-content\/uploads\/h2-1.png\" alt=\"Custom icon\" style=\"width:65px;height:77px;\"\/>\n\t\t\t\t\t\t<\/div>\n\t<div class=\"mkdf-iwt-content\" >\n\t\t\t\t\t\t\t<h5 class=\"mkdf-iwt-title\" >\n\t\t\t\t\t\t\t\t<span class=\"mkdf-iwt-title-text\">Nowoczesna plac\u00f3wka<\/span>\n\t\t\t\t\t\t\t<\/h5>\n\t\t\t\t\t\t\t<p class=\"mkdf-iwt-text\" >Odwied\u017a wyj\u0105tkow\u0105 plac\u00f3wk\u0119 z nowoczesnym wyposa\u017ceniem, dla os\u00f3b ceni\u0105cych profesjonaln\u0105 i troskliw\u0105 opiek\u0119.<\/p>\n\t\t\t<\/div>\n<\/div>[vc_empty_space height=&#8221;50px&#8221;]<div class=\"mkdf-iwt clearfix mkdf-iwt-icon-top mkdf-iwt-icon-tiny\">\n\t<div class=\"mkdf-iwt-icon\" >\n\t\t\t\t\t                <img decoding=\"async\" src=\"https:\/\/radtkeclinic.pl\/grudziadz\/wp-content\/uploads\/h2-4.png\" alt=\"Custom icon\" style=\"width:65px;height:77px;\"\/>\n\t\t\t\t\t\t<\/div>\n\t<div class=\"mkdf-iwt-content\" >\n\t\t\t\t\t\t\t<h5 class=\"mkdf-iwt-title\" >\n\t\t\t\t\t\t\t\t<span class=\"mkdf-iwt-title-text\">Wysoka jako\u015b\u0107 \u015bwiadczonych us\u0142ug<\/span>\n\t\t\t\t\t\t\t<\/h5>\n\t\t\t\t\t\t\t<p class=\"mkdf-iwt-text\" >Oferowane przez nas us\u0142ugi s\u0105 zgodne z najnowszymi \u015bwiatowymi standardami, oparte o bogat\u0105 wiedz\u0119 i do\u015bwiadczenie.<\/p>\n\t\t\t<\/div>\n<\/div>[vc_empty_space height=&#8221;50px&#8221;][\/vc_column_inner][vc_column_inner offset=&#8221;vc_col-lg-4&#8243; css=&#8221;.vc_custom_1582744720002{padding-left: 20px !important;}&#8221;]<div class=\"mkdf-iwt clearfix mkdf-iwt-icon-top mkdf-iwt-icon-tiny\">\n\t<div class=\"mkdf-iwt-icon\" >\n\t\t\t\t\t                <img decoding=\"async\" src=\"https:\/\/radtkeclinic.pl\/grudziadz\/wp-content\/uploads\/h2-2.png\" alt=\"Custom icon\" style=\"width:65px;height:77px;\"\/>\n\t\t\t\t\t\t<\/div>\n\t<div class=\"mkdf-iwt-content\" >\n\t\t\t\t\t\t\t<h5 class=\"mkdf-iwt-title\" >\n\t\t\t\t\t\t\t\t<span class=\"mkdf-iwt-title-text\">Do\u015bwiadczeni lekarze<\/span>\n\t\t\t\t\t\t\t<\/h5>\n\t\t\t\t\t\t\t<p class=\"mkdf-iwt-text\" >Zesp\u00f3\u0142 wykwalifikowanych, do\u015bwiadczonych specjalist\u00f3w, kt\u00f3rzy traktuj\u0105 sw\u00f3j zaw\u00f3d nie tylko jako prac\u0119, ale r\u00f3wnie\u017c jako pasj\u0119.<\/p>\n\t\t\t<\/div>\n<\/div>[vc_empty_space height=&#8221;50px&#8221;]<div class=\"mkdf-iwt clearfix mkdf-iwt-icon-top mkdf-iwt-icon-tiny\">\n\t<div class=\"mkdf-iwt-icon\" >\n\t\t\t\t\t                <img decoding=\"async\" src=\"https:\/\/radtkeclinic.pl\/grudziadz\/wp-content\/uploads\/h2-5.png\" alt=\"Custom icon\" style=\"width:65px;height:77px;\"\/>\n\t\t\t\t\t\t<\/div>\n\t<div class=\"mkdf-iwt-content\" >\n\t\t\t\t\t\t\t<h5 class=\"mkdf-iwt-title\" >\n\t\t\t\t\t\t\t\t<span class=\"mkdf-iwt-title-text\">Najwa\u017cniejszy jest pacjent<\/span>\n\t\t\t\t\t\t\t<\/h5>\n\t\t\t\t\t\t\t<p class=\"mkdf-iwt-text\" >Ka\u017cdego pacjenta traktujemy indywidualnie, ws\u0142uchuj\u0105c si\u0119 w jego potrzeby i oczekiwania, w poszanowaniu jego godno\u015bci i prywatno\u015bci.<\/p>\n\t\t\t<\/div>\n<\/div>[vc_empty_space height=&#8221;50px&#8221;][\/vc_column_inner][vc_column_inner offset=&#8221;vc_col-lg-4&#8243; css=&#8221;.vc_custom_1582744731135{padding-right: 20px !important;padding-left: 20px !important;}&#8221;]<div class=\"mkdf-iwt clearfix mkdf-iwt-icon-top mkdf-iwt-icon-tiny\">\n\t<div class=\"mkdf-iwt-icon\" >\n\t\t\t\t\t                <img decoding=\"async\" src=\"https:\/\/radtkeclinic.pl\/grudziadz\/wp-content\/uploads\/h2-3.png\" alt=\"Custom icon\" style=\"width:65px;height:77px;\"\/>\n\t\t\t\t\t\t<\/div>\n\t<div class=\"mkdf-iwt-content\" >\n\t\t\t\t\t\t\t<h5 class=\"mkdf-iwt-title\" >\n\t\t\t\t\t\t\t\t<span class=\"mkdf-iwt-title-text\">Szeroki wachlarz us\u0142ug medycznych<\/span>\n\t\t\t\t\t\t\t<\/h5>\n\t\t\t\t\t\t\t<p class=\"mkdf-iwt-text\" >Podchodzimy do ka\u017cdego pacjenta kompleksowo, dbaj\u0105c o jego zdrowie fizyczne, a tak\u017ce komfort psychiczny i dobre samopoczucie.<\/p>\n\t\t\t<\/div>\n<\/div>[vc_empty_space height=&#8221;50px&#8221;]<div class=\"mkdf-iwt clearfix mkdf-iwt-icon-top mkdf-iwt-icon-tiny\">\n\t<div class=\"mkdf-iwt-icon\" >\n\t\t\t\t\t                <img decoding=\"async\" src=\"https:\/\/radtkeclinic.pl\/grudziadz\/wp-content\/uploads\/h2-6.png\" alt=\"Custom icon\" style=\"width:65px;height:77px;\"\/>\n\t\t\t\t\t\t<\/div>\n\t<div class=\"mkdf-iwt-content\" >\n\t\t\t\t\t\t\t<h5 class=\"mkdf-iwt-title\" >\n\t\t\t\t\t\t\t\t<span class=\"mkdf-iwt-title-text\">Przyjazna atmosfera<\/span>\n\t\t\t\t\t\t\t<\/h5>\n\t\t\t\t\t\t\t<p class=\"mkdf-iwt-text\" >Konsultacje odbywaj\u0105 si\u0119 w bezpiecznej, komfortowej i przyjaznej atmosferze.<\/p>\n\t\t\t<\/div>\n<\/div>[vc_empty_space height=&#8221;50px&#8221;][\/vc_column_inner][\/vc_row_inner]\t\t<\/div>\n\t<\/div>\n<\/div><\/div>[vc_empty_space height=&#8221;80px&#8221;][\/vc_column][\/vc_row][vc_row][vc_column css=&#8221;.vc_custom_1582746908645{background-color: #18b6cc !important;}&#8221;]<div class=\"mkdf-call-to-action-holder  mkdf-normal-layout mkdf-content-in-grid no-proportion\">\n\t<div class=\"mkdf-cta-inner  mkdf-grid\">\n\t\t<div class=\"mkdf-cta-text-holder\">\n\t\t\t<div class=\"mkdf-cta-text\">\n<h4><span style=\"color: #ffffff; font-size: 25px; line-height: 40px;\">Masz pytania lub chcesz um\u00f3wi\u0107 si\u0119 na konsultacje medyczne?<\/span><\/h4>\n<\/div>\n\t\t<\/div>\n\t\t<div class=\"mkdf-cta-button-holder\" >\n\t\t\t\t\t\t<div class=\"mkdf-cta-button\"><a itemprop=\"url\" href=\"http:\/\/radtkeclinic.pl\/kontakt\/\" target=\"_self\" style=\"color: #000000;background-color: #ffffff\" class=\"mkdf-btn mkdf-btn-medium mkdf-btn-solid mkdf-btn-solid-light mkdf-btn-custom-hover-bg mkdf-btn-custom-hover-color mkdf-btn-icon\" data-hover-color=\"#707070\" data-hover-bg-color=\"#f3f3f3\" >    <span class=\"mkdf-btn-text\">Zadzwo\u0144 teraz<\/span>    <span class=\"mkdf-btn-icon-holder\">        <span class=\"mkdf-btn-icon-normal\" ><i class=\"mkdf-icon-ion-icon ion-chevron-right \" ><\/i><\/span>        <span class=\"mkdf-btn-icon-flip\" ><i class=\"mkdf-icon-ion-icon ion-chevron-right \" ><\/i><\/span>    <\/span><\/a><\/div>\n\t\t<\/div>\n\t<\/div>\n<\/div>[\/vc_column][\/vc_row][vc_row row_content_width=&#8221;grid&#8221; css=&#8221;.vc_custom_1492008353568{padding-top: 20px !important;}&#8221;][vc_column][vc_empty_space height=&#8221;80px&#8221;][vc_row_inner][vc_column_inner offset=&#8221;vc_col-lg-6&#8243;]<div class=\"mkdf-elements-holder mkdf-one-column mkdf-responsive-mode-768\" ><div class=\"mkdf-eh-item mkdf-vertical-alignment-bottom mkdf-horizontal-alignment-center\"  data-item-class=\"mkdf-eh-custom-633729\" data-768-1024=\"30px 0 0\" data-600-768=\"30px 0 0\" data-480-600=\"30px 0 0\" data-480=\"30px 0 0\">\n\t<div class=\"mkdf-eh-item-inner\">\n\t\t<div class=\"mkdf-eh-item-content mkdf-eh-custom-633729\" style=\"padding: 0px\">\n\t\t\t[vc_single_image image=&#8221;6227&#8243; img_size=&#8221;full&#8221; alignment=&#8221;center&#8221;]\t\t<\/div>\n\t<\/div>\n<\/div><\/div>[\/vc_column_inner][vc_column_inner offset=&#8221;vc_col-lg-6&#8243;]<div class=\"mkdf-elements-holder mkdf-one-column mkdf-responsive-mode-768\" ><div class=\"mkdf-eh-item \"  data-item-class=\"mkdf-eh-custom-189777\" data-1024-1280=\"91px 0px 105px\" data-768-1024=\"95px 0px 100px\" data-600-768=\"87px 0px 100px\" data-480-600=\"60px 0px 75px\" data-480=\"60px 0px 75px\">\n\t<div class=\"mkdf-eh-item-inner\">\n\t\t<div class=\"mkdf-eh-item-content mkdf-eh-custom-189777\" style=\"padding: 97px 0px 112px\">\n\t\t\t<div class=\"mkdf-section-title-holder mkdf-st-standard mkdf-st-title-left mkdf-st-normal-space \" style=\"text-align: left\">\n\t<div class=\"mkdf-st-inner\">\n\t\t\t\t\t<h2 class=\"mkdf-st-title\" >\n\t\t\t\t<span class=\"mkdf-st-title-light\">Profesjonalna<\/span><br \/> <span class=\"mkdf-st-title-bold\">Pomoc<\/span> <span class=\"mkdf-st-title-bold\">Medyczna<\/span>\t\t\t<\/h2>\n\t\t\t\t\t<\/div>\n<\/div>[vc_empty_space height=&#8221;9px&#8221;][vc_column_text]Radtke Clinic oferuje us\u0142ugi najlepszych specjalist\u00f3w na grudzi\u0105dzkim rynku. Nasza wykwalifikowana kadra pomo\u017ce Ci w rozwi\u0105zaniu Twoich zdrowotnych problem\u00f3w. Stale rozwijane umiej\u0119tno\u015bci i zdobywana wiedza przez naszych lekarzy, jest gwarantem rzetelnej pomocy medycznej.[\/vc_column_text][vc_empty_space height=&#8221;15px&#8221;]\t\t<\/div>\n\t<\/div>\n<\/div><\/div>[\/vc_column_inner][\/vc_row_inner][\/vc_column][\/vc_row][vc_row css=&#8221;.vc_custom_1491982460369{padding-top: 0px !important;}&#8221;][vc_column css=&#8221;.vc_custom_1491982494798{padding-top: 0px !important;}&#8221;]<div class=\"mkdf-image-gallery mkdf-ig-grid-type mkdf-image-behavior-lightbox\">\n\t<div class=\"mkdf-ig-inner mkdf-ig-grid mkdf-ig-four-columns mkdf-ig-no-space\">\n\t\t\t\t\t<div class=\"mkdf-ig-image\">\n\t\t\t\t<div class=\"mkdf-ig-image-inner\">\n\t\t\t\t\t\t\t\t\t\t\t<a itemprop=\"image\" class=\"mkdf-ig-lightbox\" href=\"https:\/\/radtkeclinic.pl\/grudziadz\/wp-content\/uploads\/2022_09_15_nasieniewski_004_2000px-roze.jpg\" data-rel=\"prettyPhoto[image_gallery_pretty_photo-798]\" title=\"2022_09_15_nasieniewski_004_2000px r\u00f3ze\">\n\t\t\t\t\t\t\t\t\t\t\t<img loading=\"lazy\" decoding=\"async\" width=\"2000\" height=\"1331\" src=\"https:\/\/radtkeclinic.pl\/grudziadz\/wp-content\/uploads\/2022_09_15_nasieniewski_004_2000px-roze.jpg\" class=\"attachment-full size-full\" alt=\"\" srcset=\"https:\/\/radtkeclinic.pl\/grudziadz\/wp-content\/uploads\/2022_09_15_nasieniewski_004_2000px-roze.jpg 2000w, https:\/\/radtkeclinic.pl\/grudziadz\/wp-content\/uploads\/2022_09_15_nasieniewski_004_2000px-roze-300x200.jpg 300w, https:\/\/radtkeclinic.pl\/grudziadz\/wp-content\/uploads\/2022_09_15_nasieniewski_004_2000px-roze-1024x681.jpg 1024w, https:\/\/radtkeclinic.pl\/grudziadz\/wp-content\/uploads\/2022_09_15_nasieniewski_004_2000px-roze-768x511.jpg 768w, https:\/\/radtkeclinic.pl\/grudziadz\/wp-content\/uploads\/2022_09_15_nasieniewski_004_2000px-roze-1536x1022.jpg 1536w\" sizes=\"auto, (max-width: 2000px) 100vw, 2000px\" \/>\t\t\t\t\t\t\t\t\t\t\t<\/a>\n\t\t\t\t\t\t\t\t\t<\/div>\n\t\t\t<\/div>\n\t\t\t\t\t<div class=\"mkdf-ig-image\">\n\t\t\t\t<div class=\"mkdf-ig-image-inner\">\n\t\t\t\t\t\t\t\t\t\t\t<a itemprop=\"image\" class=\"mkdf-ig-lightbox\" href=\"https:\/\/radtkeclinic.pl\/grudziadz\/wp-content\/uploads\/2022_09_15_nasieniewski_016_2000px-Aneta-Monika.jpg\" data-rel=\"prettyPhoto[image_gallery_pretty_photo-798]\" title=\"2022_09_15_nasieniewski_016_2000px Aneta Monika\">\n\t\t\t\t\t\t\t\t\t\t\t<img loading=\"lazy\" decoding=\"async\" width=\"2000\" height=\"1331\" src=\"https:\/\/radtkeclinic.pl\/grudziadz\/wp-content\/uploads\/2022_09_15_nasieniewski_016_2000px-Aneta-Monika.jpg\" class=\"attachment-full size-full\" alt=\"\" srcset=\"https:\/\/radtkeclinic.pl\/grudziadz\/wp-content\/uploads\/2022_09_15_nasieniewski_016_2000px-Aneta-Monika.jpg 2000w, https:\/\/radtkeclinic.pl\/grudziadz\/wp-content\/uploads\/2022_09_15_nasieniewski_016_2000px-Aneta-Monika-300x200.jpg 300w, https:\/\/radtkeclinic.pl\/grudziadz\/wp-content\/uploads\/2022_09_15_nasieniewski_016_2000px-Aneta-Monika-1024x681.jpg 1024w, https:\/\/radtkeclinic.pl\/grudziadz\/wp-content\/uploads\/2022_09_15_nasieniewski_016_2000px-Aneta-Monika-768x511.jpg 768w, https:\/\/radtkeclinic.pl\/grudziadz\/wp-content\/uploads\/2022_09_15_nasieniewski_016_2000px-Aneta-Monika-1536x1022.jpg 1536w\" sizes=\"auto, (max-width: 2000px) 100vw, 2000px\" \/>\t\t\t\t\t\t\t\t\t\t\t<\/a>\n\t\t\t\t\t\t\t\t\t<\/div>\n\t\t\t<\/div>\n\t\t\t\t\t<div class=\"mkdf-ig-image\">\n\t\t\t\t<div class=\"mkdf-ig-image-inner\">\n\t\t\t\t\t\t\t\t\t\t\t<a itemprop=\"image\" class=\"mkdf-ig-lightbox\" href=\"https:\/\/radtkeclinic.pl\/grudziadz\/wp-content\/uploads\/2022_09_15_nasieniewski_003_2000px-kanapa.jpg\" data-rel=\"prettyPhoto[image_gallery_pretty_photo-798]\" title=\"2022_09_15_nasieniewski_003_2000px kanapa\">\n\t\t\t\t\t\t\t\t\t\t\t<img loading=\"lazy\" decoding=\"async\" width=\"2000\" height=\"1331\" src=\"https:\/\/radtkeclinic.pl\/grudziadz\/wp-content\/uploads\/2022_09_15_nasieniewski_003_2000px-kanapa.jpg\" class=\"attachment-full size-full\" alt=\"\" srcset=\"https:\/\/radtkeclinic.pl\/grudziadz\/wp-content\/uploads\/2022_09_15_nasieniewski_003_2000px-kanapa.jpg 2000w, https:\/\/radtkeclinic.pl\/grudziadz\/wp-content\/uploads\/2022_09_15_nasieniewski_003_2000px-kanapa-300x200.jpg 300w, https:\/\/radtkeclinic.pl\/grudziadz\/wp-content\/uploads\/2022_09_15_nasieniewski_003_2000px-kanapa-1024x681.jpg 1024w, https:\/\/radtkeclinic.pl\/grudziadz\/wp-content\/uploads\/2022_09_15_nasieniewski_003_2000px-kanapa-768x511.jpg 768w, https:\/\/radtkeclinic.pl\/grudziadz\/wp-content\/uploads\/2022_09_15_nasieniewski_003_2000px-kanapa-1536x1022.jpg 1536w\" sizes=\"auto, (max-width: 2000px) 100vw, 2000px\" \/>\t\t\t\t\t\t\t\t\t\t\t<\/a>\n\t\t\t\t\t\t\t\t\t<\/div>\n\t\t\t<\/div>\n\t\t\t\t\t<div class=\"mkdf-ig-image\">\n\t\t\t\t<div class=\"mkdf-ig-image-inner\">\n\t\t\t\t\t\t\t\t\t\t\t<a itemprop=\"image\" class=\"mkdf-ig-lightbox\" href=\"https:\/\/radtkeclinic.pl\/grudziadz\/wp-content\/uploads\/2022_09_15_nasieniewski_017_2000px-aneta-pisze.jpg\" data-rel=\"prettyPhoto[image_gallery_pretty_photo-798]\" title=\"2022_09_15_nasieniewski_017_2000px aneta pisze\">\n\t\t\t\t\t\t\t\t\t\t\t<img loading=\"lazy\" decoding=\"async\" width=\"2000\" height=\"1331\" src=\"https:\/\/radtkeclinic.pl\/grudziadz\/wp-content\/uploads\/2022_09_15_nasieniewski_017_2000px-aneta-pisze.jpg\" class=\"attachment-full size-full\" alt=\"\" srcset=\"https:\/\/radtkeclinic.pl\/grudziadz\/wp-content\/uploads\/2022_09_15_nasieniewski_017_2000px-aneta-pisze.jpg 2000w, https:\/\/radtkeclinic.pl\/grudziadz\/wp-content\/uploads\/2022_09_15_nasieniewski_017_2000px-aneta-pisze-300x200.jpg 300w, https:\/\/radtkeclinic.pl\/grudziadz\/wp-content\/uploads\/2022_09_15_nasieniewski_017_2000px-aneta-pisze-1024x681.jpg 1024w, https:\/\/radtkeclinic.pl\/grudziadz\/wp-content\/uploads\/2022_09_15_nasieniewski_017_2000px-aneta-pisze-768x511.jpg 768w, https:\/\/radtkeclinic.pl\/grudziadz\/wp-content\/uploads\/2022_09_15_nasieniewski_017_2000px-aneta-pisze-1536x1022.jpg 1536w\" sizes=\"auto, (max-width: 2000px) 100vw, 2000px\" \/>\t\t\t\t\t\t\t\t\t\t\t<\/a>\n\t\t\t\t\t\t\t\t\t<\/div>\n\t\t\t<\/div>\n\t\t\t<\/div>\n<\/div>[\/vc_column][\/vc_row][vc_row row_content_width=&#8221;grid&#8221; content_text_aligment=&#8221;center&#8221; css=&#8221;.vc_custom_1494590556371{padding-top: 102px !important;padding-bottom: 86px !important;}&#8221;][vc_column]<div class=\"mkdf-elements-holder mkdf-one-column mkdf-responsive-mode-768\" ><div class=\"mkdf-eh-item \"  data-item-class=\"mkdf-eh-custom-644681\" data-1280-1600=\"0px 20%\" data-1024-1280=\"0px 20%\" data-768-1024=\"0px 8%\" data-600-768=\"0px\" data-480-600=\"0px\" data-480=\"0px\">\n\t<div class=\"mkdf-eh-item-inner\">\n\t\t<div class=\"mkdf-eh-item-content mkdf-eh-custom-644681\" style=\"padding: 0px 20%\">\n\t\t\t<div class=\"mkdf-section-title-holder mkdf-st-standard mkdf-st-title-left mkdf-st-normal-space \" >\n\t<div class=\"mkdf-st-inner\">\n\t\t\t\t\t<h2 class=\"mkdf-st-title\" >\n\t\t\t\tGdzie jest Radtke Clinic?\t\t\t<\/h2>\n\t\t\t\t\t\t\t<h4 class=\"mkdf-st-text\" style=\"font-size: 16px\">\n\t\t\t\tNowoczesny obiekt z nowoczesnym wyposa\u017ceniem w samym \u015brodku miasta.\t\t\t<\/h4>\n\t\t\t<\/div>\n<\/div>\t\t<\/div>\n\t<\/div>\n<\/div><\/div>[\/vc_column][\/vc_row][vc_row][vc_column][vc_gmaps link=&#8221;#E-8_JTNDaWZyYW1lJTIwc3JjJTNEJTIyaHR0cHMlM0ElMkYlMkZtYXBzLmdvb2dsZS5jb20lMkZtYXBzJTNGcSUzREdydWR6aSUyNUM0JTI1ODVkeiUyQyUyNTIwTGFza293aWNhJTI1MjAyLTQlMjZhbXAlM0J0JTNEJTI2YW1wJTNCeiUzRDE2JTI2YW1wJTNCaWUlM0RVVEY4JTI2YW1wJTNCaXdsb2MlM0QlMjZhbXAlM0JvdXRwdXQlM0RlbWJlZCUyMiUyMGZyYW1lYm9yZGVyJTNEJTIyMCUyMiUyMHNjcm9sbGluZyUzRCUyMm5vJTIyJTIwc3R5bGUlM0QlMjJ3aWR0aCUzQSUyMDEwMCUyNSUzQiUyMGhlaWdodCUzQSUyMDMwMHB4JTNCJTIyJTNFJTNDJTJGaWZyYW1lJTNFJTNDc3R5bGUlM0UubWFwb3V0ZXIlN0JkaXNwbGF5JTNBdGFibGUlM0IlN0QuZ21hcF9jYW52YXMlN0JvdmVyZmxvdyUzQWhpZGRlbiUzQnBvc2l0aW9uJTNBcmVsYXRpdmUlM0JoZWlnaHQlM0EzMDBweCUzQndpZHRoJTNBMTA4MHB4JTNCYmFja2dyb3VuZCUzQSUyM2ZmZiUzQiU3RCUzQyUyRnN0eWxlJTNF&#8221; css=&#8221;&#8221;][\/vc_column][\/vc_row]<\/p>\n<\/div>","protected":false},"excerpt":{"rendered":"<p>[vc_row row_content_width=&#8221;grid&#8221; content_text_aligment=&#8221;center&#8221; css=&#8221;.vc_custom_1583526607893{padding-top: 38px !important;padding-bottom: 35px !important;}&#8221;][vc_column css=&#8221;.vc_custom_1492007007288{padding-top: 0px !important;}&#8221;][vc_row_inner][vc_column_inner width=&#8221;1\/2&#8243; css=&#8221;.vc_custom_1494316296644{border-right-width: 1px !important;padding-top: 0px !important;border-right-color: #a3a3a3 !important;border-right-style: solid !important;}&#8221; offset=&#8221;vc_col-lg-3 vc_col-md-6 vc_col-xs-12&#8243;][\/vc_column_inner][vc_column_inner width=&#8221;1\/2&#8243; css=&#8221;.vc_custom_1494316325984{border-right-width: 1px !important;padding-top: 0px !important;border-right-color: #a3a3a3 !important;border-right-style: solid !important;}&#8221; offset=&#8221;vc_col-lg-3 vc_col-md-6 vc_col-xs-12&#8243;][\/vc_column_inner][vc_column_inner width=&#8221;1\/2&#8243; css=&#8221;.vc_custom_1494316333825{border-right-width: 1px [&hellip;]<\/p>\n","protected":false},"author":1,"featured_media":0,"parent":0,"menu_order":0,"comment_status":"closed","ping_status":"closed","template":"full-width.php","meta":{"_monsterinsights_skip_tracking":false,"_monsterinsights_sitenote_active":false,"_monsterinsights_sitenote_note":"","_monsterinsights_sitenote_category":0,"footnotes":""},"class_list":["post-5469","page","type-page","status-publish","hentry"],"_links":{"self":[{"href":"https:\/\/radtkeclinic.pl\/grudziadz\/wp-json\/wp\/v2\/pages\/5469","targetHints":{"allow":["GET"]}}],"collection":[{"href":"https:\/\/radtkeclinic.pl\/grudziadz\/wp-json\/wp\/v2\/pages"}],"about":[{"href":"https:\/\/radtkeclinic.pl\/grudziadz\/wp-json\/wp\/v2\/types\/page"}],"author":[{"embeddable":true,"href":"https:\/\/radtkeclinic.pl\/grudziadz\/wp-json\/wp\/v2\/users\/1"}],"replies":[{"embeddable":true,"href":"https:\/\/radtkeclinic.pl\/grudziadz\/wp-json\/wp\/v2\/comments?post=5469"}],"version-history":[{"count":70,"href":"https:\/\/radtkeclinic.pl\/grudziadz\/wp-json\/wp\/v2\/pages\/5469\/revisions"}],"predecessor-version":[{"id":11032,"href":"https:\/\/radtkeclinic.pl\/grudziadz\/wp-json\/wp\/v2\/pages\/5469\/revisions\/11032"}],"wp:attachment":[{"href":"https:\/\/radtkeclinic.pl\/grudziadz\/wp-json\/wp\/v2\/media?parent=5469"}],"curies":[{"name":"wp","href":"https:\/\/api.w.org\/{rel}","templated":true}]}}