{"id":10048,"date":"2020-11-03T23:27:19","date_gmt":"2020-11-03T22:27:19","guid":{"rendered":"https:\/\/radtkeclinic.pl\/?page_id=10048"},"modified":"2020-12-15T10:29:06","modified_gmt":"2020-12-15T09:29:06","slug":"mezoterapia-iglowa","status":"publish","type":"page","link":"https:\/\/radtkeclinic.pl\/grudziadz\/medycyna-estetyczna\/mezoterapia-iglowa\/","title":{"rendered":"Mezoterapia ig\u0142owa"},"content":{"rendered":"<div class=\"wpb-content-wrapper\"><p>[vc_row][vc_column][vc_empty_space height=&#8221;80px&#8221;]<div class=\"mkdf-elements-holder mkdf-one-column mkdf-responsive-mode-768\" ><div class=\"mkdf-eh-item \"  data-item-class=\"mkdf-eh-custom-111822\">\n\t<div class=\"mkdf-eh-item-inner\">\n\t\t<div class=\"mkdf-eh-item-content mkdf-eh-custom-111822\" >\n\t\t\t<div class=\"mkdf-section-title-holder mkdf-st-standard mkdf-st-title-left mkdf-st-normal-space \" style=\"text-align: center\">\n\t<div class=\"mkdf-st-inner\">\n\t\t\t\t\t<h2 class=\"mkdf-st-title\" >\n\t\t\t\tMezoterapia ig\u0142owa\t\t\t<\/h2>\n\t\t\t\t\t<\/div>\n<\/div>\t\t<\/div>\n\t<\/div>\n<\/div><\/div>[\/vc_column][\/vc_row][vc_row row_content_width=&#8221;grid&#8221; css=&#8221;.vc_custom_1494253968547{padding-bottom: 70px !important;}&#8221;][vc_column width=&#8221;7\/12&#8243;][vc_empty_space height=&#8221;60px&#8221;]<div class=\"mkdf-elements-holder mkdf-one-column mkdf-responsive-mode-768\" ><div class=\"mkdf-eh-item \"  data-item-class=\"mkdf-eh-custom-925254\" data-768-1024=\"0px 0%\" data-600-768=\"0px 0%\" data-480-600=\"0px 0%\" data-480=\"0px 0%\">\n\t<div class=\"mkdf-eh-item-inner\">\n\t\t<div class=\"mkdf-eh-item-content mkdf-eh-custom-925254\" style=\"padding: 0 40px 0 0\">\n\t\t\t<div class=\"mkdf-section-title-holder mkdf-st-standard mkdf-st-title-left mkdf-st-normal-space \" style=\"text-align: left\">\n\t<div class=\"mkdf-st-inner\">\n\t\t\t\t\t<h3 class=\"mkdf-st-title\" >\n\t\t\t\tProstrolane Natural B\t\t\t<\/h3>\n\t\t\t\t\t<\/div>\n<\/div>[vc_column_text]Prostrolane Natural B to najnowocze\u015bniejszy preparat peptydowy do terapii rewitalizuj\u0105cej sk\u00f3r\u0119 na szyi i dekolcie. Zapewnia naturalny i \u015bwie\u017cy wygl\u0105d twarzy, przy jednoczesnym zniwelowaniu widocznych niedoskona\u0142o\u015bci. Precyzyjnie dobrany sk\u0142ad dla wymagaj\u0105cej sk\u00f3ry szyi, na kt\u00f3rej najszybciej wida\u0107 pierwsze oznaki starzenia, zapewnia najwy\u017csz\u0105 skuteczno\u015b\u0107. Prostrolane Natural B to kwas hialuronowy i kompleks a\u017c 5 peptyd\u00f3w.[\/vc_column_text][vc_empty_space height=&#8221;20px&#8221;][vc_column_text]<span class=\"value\">Zastosowanie preparatu\u00a0Prostrolane Natural B\u00a0to \u015bwietny spos\u00f3b na op\u00f3\u017anienie oznak starzenia si\u0119 sk\u00f3ry. Preparat w skoncentrowanej, minimalnej dawce utrzymuje si\u0119 w sk\u00f3rze po zabiegu jeszcze przez 2 tygodnie, powoduj\u0105c powolne uwalnianie si\u0119 i penetracj\u0119 peptyd\u00f3w.<\/span>[\/vc_column_text][vc_empty_space height=&#8221;20px&#8221;][vc_column_text]<span class=\"value\">Ilo\u015b\u0107 sesji dobierana jest indywidualnie, jednak w celu osi\u0105gni\u0119cia najlepszych efekt\u00f3w zalecane jest przeprowadzenie 2-4 zabieg\u00f3w oraz powt\u00f3rzenie w razie potrzeby.<\/span>[\/vc_column_text]\t\t<\/div>\n\t<\/div>\n<\/div><\/div>[vc_empty_space height=&#8221;40px&#8221;][\/vc_column][vc_column width=&#8221;5\/12&#8243;][vc_empty_space height=&#8221;55px&#8221;][vc_single_image image=&#8221;10076&#8243; img_size=&#8221;full&#8221; alignment=&#8221;center&#8221;][\/vc_column][vc_column][vc_empty_space height=&#8221;40px&#8221;][vc_empty_space height=&#8221;40px&#8221;]<div class=\"mkdf-section-title-holder mkdf-st-standard mkdf-st-title-left mkdf-st-normal-space \" style=\"text-align: left\">\n\t<div class=\"mkdf-st-inner\">\n\t\t\t\t\t<h3 class=\"mkdf-st-title\" >\n\t\t\t\tWSKAZANIA\t\t\t<\/h3>\n\t\t\t\t\t<\/div>\n<\/div>[vc_column_text]<\/p>\n<ul>\n<li>Pierwsze oznaki starzenia si\u0119 sk\u00f3ry, brak j\u0119drno\u015bci, sk\u00f3ra wiotka<\/li>\n<li>Zabieg mo\u017ce by\u0107 wykonywany u os\u00f3b, kt\u00f3re uko\u0144czy\u0142y 18 rok \u017cycia<\/li>\n<\/ul>\n<p>[\/vc_column_text][vc_empty_space height=&#8221;40px&#8221;]<div class=\"mkdf-section-title-holder mkdf-st-standard mkdf-st-title-left mkdf-st-normal-space \" style=\"text-align: left\">\n\t<div class=\"mkdf-st-inner\">\n\t\t\t\t\t<h3 class=\"mkdf-st-title\" >\n\t\t\t\tPRZECIWWSKAZANIA DO ZABIEGU\t\t\t<\/h3>\n\t\t\t\t\t<\/div>\n<\/div>[vc_column_text]<\/p>\n<ul>\n<li>Ci\u0105\u017ca i karmienie piersi\u0105<\/li>\n<li>Choroby nowotworowe<\/li>\n<li>Choroby autoimmunologiczne<\/li>\n<li>Sk\u0142onno\u015b\u0107 do bliznowc\u00f3w<\/li>\n<li>Przyjmowanie lek\u00f3w przeciwkrzepliwych<\/li>\n<li>Aktywna opryszczka<\/li>\n<li>Aktywne stany zapalne sk\u00f3ry, infekcje<\/li>\n<\/ul>\n<p>[\/vc_column_text][vc_empty_space height=&#8221;40px&#8221;]<div class=\"mkdf-section-title-holder mkdf-st-standard mkdf-st-title-left mkdf-st-normal-space \" style=\"text-align: left\">\n\t<div class=\"mkdf-st-inner\">\n\t\t\t\t\t<h3 class=\"mkdf-st-title\" >\n\t\t\t\tEFEKTY PO ZABIEGU\t\t\t<\/h3>\n\t\t\t\t\t<\/div>\n<\/div>[vc_column_text]Sk\u00f3ra po zabiegu jest wyra\u017anie g\u0119stsza i zregenerowana, zmarszczki skorygowane.[\/vc_column_text][vc_empty_space height=&#8221;40px&#8221;]<div class=\"mkdf-section-title-holder mkdf-st-standard mkdf-st-title-left mkdf-st-normal-space \" style=\"text-align: left\">\n\t<div class=\"mkdf-st-inner\">\n\t\t\t\t\t<h3 class=\"mkdf-st-title\" >\n\t\t\t\tODPOWIEDNIA PORA ROKU NA ZABIEG\t\t\t<\/h3>\n\t\t\t\t\t<\/div>\n<\/div>[vc_column_text]Zabieg mo\u017cna wykonywa\u0107 o ka\u017cdej porze roku.[\/vc_column_text][vc_empty_space height=&#8221;40px&#8221;][vc_empty_space height=&#8221;40px&#8221;][\/vc_column][\/vc_row]<\/p>\n<\/div>","protected":false},"excerpt":{"rendered":"<p>[vc_row][vc_column][vc_empty_space height=&#8221;80px&#8221;][\/vc_column][\/vc_row][vc_row row_content_width=&#8221;grid&#8221; css=&#8221;.vc_custom_1494253968547{padding-bottom: 70px !important;}&#8221;][vc_column width=&#8221;7\/12&#8243;][vc_empty_space height=&#8221;60px&#8221;][vc_empty_space height=&#8221;40px&#8221;][\/vc_column][vc_column width=&#8221;5\/12&#8243;][vc_empty_space height=&#8221;55px&#8221;][vc_single_image image=&#8221;10076&#8243; img_size=&#8221;full&#8221; alignment=&#8221;center&#8221;][\/vc_column][vc_column][vc_empty_space height=&#8221;40px&#8221;][vc_empty_space height=&#8221;40px&#8221;][vc_column_text] Pierwsze oznaki starzenia si\u0119 sk\u00f3ry, brak j\u0119drno\u015bci, sk\u00f3ra wiotka Zabieg mo\u017ce by\u0107 wykonywany u os\u00f3b, kt\u00f3re uko\u0144czy\u0142y 18 rok \u017cycia [\/vc_column_text][vc_empty_space height=&#8221;40px&#8221;][vc_column_text] Ci\u0105\u017ca i [&hellip;]<\/p>\n","protected":false},"author":1,"featured_media":0,"parent":9957,"menu_order":1,"comment_status":"closed","ping_status":"closed","template":"full-width.php","meta":{"_monsterinsights_skip_tracking":false,"_monsterinsights_sitenote_active":false,"_monsterinsights_sitenote_note":"","_monsterinsights_sitenote_category":0,"footnotes":""},"class_list":["post-10048","page","type-page","status-publish","hentry"],"_links":{"self":[{"href":"https:\/\/radtkeclinic.pl\/grudziadz\/wp-json\/wp\/v2\/pages\/10048","targetHints":{"allow":["GET"]}}],"collection":[{"href":"https:\/\/radtkeclinic.pl\/grudziadz\/wp-json\/wp\/v2\/pages"}],"about":[{"href":"https:\/\/radtkeclinic.pl\/grudziadz\/wp-json\/wp\/v2\/types\/page"}],"author":[{"embeddable":true,"href":"https:\/\/radtkeclinic.pl\/grudziadz\/wp-json\/wp\/v2\/users\/1"}],"replies":[{"embeddable":true,"href":"https:\/\/radtkeclinic.pl\/grudziadz\/wp-json\/wp\/v2\/comments?post=10048"}],"version-history":[{"count":7,"href":"https:\/\/radtkeclinic.pl\/grudziadz\/wp-json\/wp\/v2\/pages\/10048\/revisions"}],"predecessor-version":[{"id":10130,"href":"https:\/\/radtkeclinic.pl\/grudziadz\/wp-json\/wp\/v2\/pages\/10048\/revisions\/10130"}],"up":[{"embeddable":true,"href":"https:\/\/radtkeclinic.pl\/grudziadz\/wp-json\/wp\/v2\/pages\/9957"}],"wp:attachment":[{"href":"https:\/\/radtkeclinic.pl\/grudziadz\/wp-json\/wp\/v2\/media?parent=10048"}],"curies":[{"name":"wp","href":"https:\/\/api.w.org\/{rel}","templated":true}]}}