{"id":10043,"date":"2020-11-03T23:24:30","date_gmt":"2020-11-03T22:24:30","guid":{"rendered":"https:\/\/radtkeclinic.pl\/?page_id=10043"},"modified":"2021-03-20T13:45:04","modified_gmt":"2021-03-20T12:45:04","slug":"skleroterapia","status":"publish","type":"page","link":"https:\/\/radtkeclinic.pl\/grudziadz\/medycyna-estetyczna\/skleroterapia\/","title":{"rendered":"Skleroterapia"},"content":{"rendered":"<div class=\"wpb-content-wrapper\"><p>[vc_row][vc_column][vc_empty_space height=&#8221;80px&#8221;]<div class=\"mkdf-elements-holder mkdf-one-column mkdf-responsive-mode-768\" ><div class=\"mkdf-eh-item \"  data-item-class=\"mkdf-eh-custom-837537\">\n\t<div class=\"mkdf-eh-item-inner\">\n\t\t<div class=\"mkdf-eh-item-content mkdf-eh-custom-837537\" >\n\t\t\t<div class=\"mkdf-section-title-holder mkdf-st-standard mkdf-st-title-left mkdf-st-normal-space \" style=\"text-align: center\">\n\t<div class=\"mkdf-st-inner\">\n\t\t\t\t\t<h2 class=\"mkdf-st-title\" >\n\t\t\t\tSkleroterapia\t\t\t<\/h2>\n\t\t\t\t\t<\/div>\n<\/div>\t\t<\/div>\n\t<\/div>\n<\/div><\/div>[\/vc_column][\/vc_row][vc_row row_content_width=&#8221;grid&#8221; css=&#8221;.vc_custom_1494253968547{padding-bottom: 70px !important;}&#8221;][vc_column][vc_empty_space height=&#8221;40px&#8221;]<div class=\"mkdf-section-title-holder mkdf-st-standard mkdf-st-title-left mkdf-st-normal-space \" style=\"text-align: left\">\n\t<div class=\"mkdf-st-inner\">\n\t\t\t\t\t<h3 class=\"mkdf-st-title\" >\n\t\t\t\tSkleroterapia paj\u0105czk\u00f3w naczyniowych oraz \u017cylak\u00f3w ko\u0144czyn dolnych\t\t\t<\/h3>\n\t\t\t\t\t<\/div>\n<\/div>[vc_column_text]Zabieg skleroterapii\u00a0 sprawdza si\u0119 w przypadku teleangiektazji, wenulektazji (paj\u0105czki naczyniowe) i \u017cy\u0142 siatkowatych. W niekt\u00f3rych przypadkach metoda skleroterapii piankowej pod kontrol\u0105 USG mo\u017ce by\u0107 stosowana do leczenia du\u017cych \u017cylak\u00f3w ko\u0144czyn dolnych.<\/p>\n<p>Zwykle potrzebnych jest kilka,\u00a0 oko\u0142o 3-5 sesji zabiegowych aby osi\u0105gn\u0105\u0107 po\u017c\u0105dany efekt.<\/p>\n<p>Badaniem, kt\u00f3re ocenia nam funkcje uk\u0142adu \u017cylnego i zastawek w uk\u0142adzie \u017cylnym jest badanie ultrasonograficzne z badaniem przep\u0142ywu w naczyniach tzw. USG Doppler.<\/p>\n<p><span class=\"value\">\u00a0<\/span>[\/vc_column_text][vc_empty_space height=&#8221;40px&#8221;]<div class=\"mkdf-section-title-holder mkdf-st-standard mkdf-st-title-left mkdf-st-normal-space \" style=\"text-align: left\">\n\t<div class=\"mkdf-st-inner\">\n\t\t\t\t\t<h3 class=\"mkdf-st-title\" >\n\t\t\t\tJAK WYGL\u0104DA ZABIEG?\t\t\t<\/h3>\n\t\t\t\t\t<\/div>\n<\/div>[vc_column_text]Skleroterapia polega na wstrzykiwaniu do wn\u0119trza \u017cy\u0142 specjalnie przygotowanego preparatu.<\/p>\n<p>Preparat podra\u017cnia \u015bcian\u0119 naczy\u0144, wywo\u0142uje proces zapalny, co skutkuje zamkni\u0119ciem naczynia i jego ca\u0142kowitym znikni\u0119ciem.[\/vc_column_text][vc_empty_space height=&#8221;40px&#8221;]<div class=\"mkdf-section-title-holder mkdf-st-standard mkdf-st-title-left mkdf-st-normal-space \" style=\"text-align: left\">\n\t<div class=\"mkdf-st-inner\">\n\t\t\t\t\t<h3 class=\"mkdf-st-title\" >\n\t\t\t\tPRZED ZABIEGIEM\t\t\t<\/h3>\n\t\t\t\t\t<\/div>\n<\/div>[vc_column_text]Prosz\u0119 ogoli\u0107 nogi na 3-4 dni przed zabiegiem, nie nat\u0142uszcza\u0107.[\/vc_column_text][vc_empty_space height=&#8221;40px&#8221;]<div class=\"mkdf-section-title-holder mkdf-st-standard mkdf-st-title-left mkdf-st-normal-space \" style=\"text-align: left\">\n\t<div class=\"mkdf-st-inner\">\n\t\t\t\t\t<h3 class=\"mkdf-st-title\" >\n\t\t\t\tPO ZABIEGU\t\t\t<\/h3>\n\t\t\t\t\t<\/div>\n<\/div>[vc_column_text]Konieczne jest noszenie po\u0144czoch elastycznych przez 8 tygodni.[\/vc_column_text][vc_empty_space height=&#8221;40px&#8221;]<div class=\"mkdf-section-title-holder mkdf-st-standard mkdf-st-title-left mkdf-st-normal-space \" style=\"text-align: left\">\n\t<div class=\"mkdf-st-inner\">\n\t\t\t\t\t<h3 class=\"mkdf-st-title\" >\n\t\t\t\tPRZECIWWSKAZANIA\t\t\t<\/h3>\n\t\t\t\t\t<\/div>\n<\/div>[vc_column_text]\u2022 Infekcje i stany zapalne sk\u00f3ry<\/p>\n<p>\u2022 Zmiany zakrzepowo zatorowe \u017cy\u0142<\/p>\n<p>\u2022 Niedokrwienie ko\u0144czyn<\/p>\n<p>\u2022 Zatorowo\u015b\u0107 p\u0142ucna<\/p>\n<p>\u2022 Ci\u0105\u017ca i karmienie piersi\u0105<\/p>\n<p>\u2022 Nadwra\u017cliwo\u015b\u0107 na aethoxysklerol<\/p>\n<p>\u2022 Ci\u0119\u017ckie i przewlek\u0142e choroby somatyczne[\/vc_column_text][vc_empty_space height=&#8221;40px&#8221;][\/vc_column][\/vc_row]<\/p>\n<\/div>","protected":false},"excerpt":{"rendered":"<p>[vc_row][vc_column][vc_empty_space height=&#8221;80px&#8221;][\/vc_column][\/vc_row][vc_row row_content_width=&#8221;grid&#8221; css=&#8221;.vc_custom_1494253968547{padding-bottom: 70px !important;}&#8221;][vc_column][vc_empty_space height=&#8221;40px&#8221;][vc_column_text]Zabieg skleroterapii\u00a0 sprawdza si\u0119 w przypadku teleangiektazji, wenulektazji (paj\u0105czki naczyniowe) i \u017cy\u0142 siatkowatych. W niekt\u00f3rych przypadkach metoda skleroterapii piankowej pod kontrol\u0105 USG mo\u017ce by\u0107 stosowana do leczenia du\u017cych \u017cylak\u00f3w ko\u0144czyn dolnych. Zwykle potrzebnych jest [&hellip;]<\/p>\n","protected":false},"author":1,"featured_media":0,"parent":9957,"menu_order":1,"comment_status":"closed","ping_status":"closed","template":"full-width.php","meta":{"_monsterinsights_skip_tracking":false,"_monsterinsights_sitenote_active":false,"_monsterinsights_sitenote_note":"","_monsterinsights_sitenote_category":0,"footnotes":""},"class_list":["post-10043","page","type-page","status-publish","hentry"],"_links":{"self":[{"href":"https:\/\/radtkeclinic.pl\/grudziadz\/wp-json\/wp\/v2\/pages\/10043","targetHints":{"allow":["GET"]}}],"collection":[{"href":"https:\/\/radtkeclinic.pl\/grudziadz\/wp-json\/wp\/v2\/pages"}],"about":[{"href":"https:\/\/radtkeclinic.pl\/grudziadz\/wp-json\/wp\/v2\/types\/page"}],"author":[{"embeddable":true,"href":"https:\/\/radtkeclinic.pl\/grudziadz\/wp-json\/wp\/v2\/users\/1"}],"replies":[{"embeddable":true,"href":"https:\/\/radtkeclinic.pl\/grudziadz\/wp-json\/wp\/v2\/comments?post=10043"}],"version-history":[{"count":8,"href":"https:\/\/radtkeclinic.pl\/grudziadz\/wp-json\/wp\/v2\/pages\/10043\/revisions"}],"predecessor-version":[{"id":10170,"href":"https:\/\/radtkeclinic.pl\/grudziadz\/wp-json\/wp\/v2\/pages\/10043\/revisions\/10170"}],"up":[{"embeddable":true,"href":"https:\/\/radtkeclinic.pl\/grudziadz\/wp-json\/wp\/v2\/pages\/9957"}],"wp:attachment":[{"href":"https:\/\/radtkeclinic.pl\/grudziadz\/wp-json\/wp\/v2\/media?parent=10043"}],"curies":[{"name":"wp","href":"https:\/\/api.w.org\/{rel}","templated":true}]}}