{"id":10041,"date":"2020-11-03T23:20:46","date_gmt":"2020-11-03T22:20:46","guid":{"rendered":"https:\/\/radtkeclinic.pl\/?page_id=10041"},"modified":"2021-10-18T18:35:19","modified_gmt":"2021-10-18T16:35:19","slug":"bogatoplytkowa-fibryna-iprf","status":"publish","type":"page","link":"https:\/\/radtkeclinic.pl\/grudziadz\/medycyna-estetyczna\/bogatoplytkowa-fibryna-iprf\/","title":{"rendered":"Bogatop\u0142ytkowa fibryna iPRF"},"content":{"rendered":"<div class=\"wpb-content-wrapper\"><p>[vc_row][vc_column][vc_empty_space height=&#8221;80px&#8221;]<div class=\"mkdf-elements-holder mkdf-one-column mkdf-responsive-mode-768\" ><div class=\"mkdf-eh-item \"  data-item-class=\"mkdf-eh-custom-633983\">\n\t<div class=\"mkdf-eh-item-inner\">\n\t\t<div class=\"mkdf-eh-item-content mkdf-eh-custom-633983\" >\n\t\t\t<div class=\"mkdf-section-title-holder mkdf-st-standard mkdf-st-title-left mkdf-st-normal-space \" style=\"text-align: center\">\n\t<div class=\"mkdf-st-inner\">\n\t\t\t\t\t<h2 class=\"mkdf-st-title\" >\n\t\t\t\tBogatop\u0142ytkowa fibryna iPRF\t\t\t<\/h2>\n\t\t\t\t\t<\/div>\n<\/div>\t\t<\/div>\n\t<\/div>\n<\/div><\/div>[\/vc_column][\/vc_row][vc_row row_content_width=&#8221;grid&#8221; css=&#8221;.vc_custom_1494253968547{padding-bottom: 70px !important;}&#8221;][vc_column width=&#8221;7\/12&#8243;][vc_empty_space height=&#8221;60px&#8221;]<div class=\"mkdf-elements-holder mkdf-one-column mkdf-responsive-mode-768\" ><div class=\"mkdf-eh-item \"  data-item-class=\"mkdf-eh-custom-371119\" data-768-1024=\"0px 0%\" data-600-768=\"0px 0%\" data-480-600=\"0px 0%\" data-480=\"0px 0%\">\n\t<div class=\"mkdf-eh-item-inner\">\n\t\t<div class=\"mkdf-eh-item-content mkdf-eh-custom-371119\" style=\"padding: 0 40px 0 0\">\n\t\t\t<div class=\"mkdf-section-title-holder mkdf-st-standard mkdf-st-title-left mkdf-st-normal-space \" style=\"text-align: left\">\n\t<div class=\"mkdf-st-inner\">\n\t\t\t\t\t<h3 class=\"mkdf-st-title\" >\n\t\t\t\tWSKAZANIA\t\t\t<\/h3>\n\t\t\t\t\t<\/div>\n<\/div>[vc_column_text]<\/p>\n<ul>\n<li>Pacjenci wymagaj\u0105cy rewitalizacji sk\u00f3ry twarzy, szyi, dekoltu, d\u0142oni<\/li>\n<li>Sk\u00f3ra wymagaj\u0105ca g\u0142\u0119bokiej regeneracji<\/li>\n<li>Sk\u00f3ra z oznakami starzenia \u2013 bruzdy, zmarszczki, wiotko\u015b\u0107<\/li>\n<li>\u0141ysienie, blizny, rozst\u0119py<\/li>\n<li>Odm\u0142adzanie d\u0142oni<\/li>\n<\/ul>\n<p>[\/vc_column_text][vc_empty_space height=&#8221;20px&#8221;]\t\t<\/div>\n\t<\/div>\n<\/div><\/div>[vc_empty_space height=&#8221;40px&#8221;][\/vc_column][vc_column width=&#8221;5\/12&#8243;][vc_empty_space height=&#8221;55px&#8221;][vc_single_image image=&#8221;10038&#8243; img_size=&#8221;full&#8221; alignment=&#8221;center&#8221;][\/vc_column][vc_column][vc_empty_space height=&#8221;40px&#8221;]<div class=\"mkdf-section-title-holder mkdf-st-standard mkdf-st-title-left mkdf-st-normal-space \" style=\"text-align: left\">\n\t<div class=\"mkdf-st-inner\">\n\t\t\t\t\t<h3 class=\"mkdf-st-title\" >\n\t\t\t\tiPRF (iniectable Platelet Rich Fibrin) INIEKCYJNA FIBRYNA BOGATOP\u0141YTKOWA\t\t\t<\/h3>\n\t\t\t\t\t<\/div>\n<\/div>[vc_column_text]<span class=\"value\">Podawanie fibryny bogatop\u0142ytkowej prowadzi do uwalniania czynnik\u00f3w wzrostu w ci\u0105gu kilku dni od zabiegu, oznacza to skuteczn\u0105 stymulacj\u0119 wzrostu naczy\u0144 krwiono\u015bnych, aktywacj\u0119 fibroblast\u00f3w i pobudzenie syntezy nowego kolagenu co za tym idzie globalne odm\u0142odzenie, napi\u0119cie i regeneracj\u0119 sk\u00f3ry.<br \/>\nZabieg z wykorzystaniem fibryny bogatop\u0142ytkowej mo\u017ce kojarzy\u0107 stosowanym zabiegiem osocza bogatop\u0142ytkowego, jednak proces wirowania jest du\u017co wolniejszy, dzi\u0119ki temu preparat ma inne w\u0142a\u015bciwo\u015bci. Mniejsza si\u0142a wirowania sprawia, \u017ce preparat podawany pacjentowi, zawiera nie tylko p\u0142ytki krwi i czynniki wzrostu, ale r\u00f3wnie\u017c innego rodzaju kom\u00f3rki, wp\u0142ywaj\u0105ce pozytywnie na proces regeneracji, w tym tak\u017ce mezenchymalne kom\u00f3rki macierzyste.\u00a0 W iPRF czynniki wzrostu uwalniane s\u0105 wolniej co daje lepszy efekt ni\u017c w przypadku nag\u0142ego ich uwolnienia.\u00a0 Efekty terapeutyczne w postaci regeneracji, \u201eodm\u0142odzenia\u201d sk\u00f3ry s\u0105 lepsze i d\u0142u\u017cej si\u0119 utrzymuj\u0105.<br \/>\nZabieg z wykorzystaniem fibryny jest kolejnym krokiem w obudowie i regeneracji tkanek<strong>.<\/strong> Skoncentrowana formu\u0142a iPRF pozwala na bardziej widoczne efekty w postaci przebudowy, regeneracji i naprawy struktur sk\u00f3ry.<\/span>[\/vc_column_text][vc_empty_space height=&#8221;40px&#8221;]<div class=\"mkdf-section-title-holder mkdf-st-standard mkdf-st-title-left mkdf-st-normal-space \" style=\"text-align: left\">\n\t<div class=\"mkdf-st-inner\">\n\t\t\t\t\t<h3 class=\"mkdf-st-title\" >\n\t\t\t\tJAK WYGL\u0104DA ZABIEG?\t\t\t<\/h3>\n\t\t\t\t\t<\/div>\n<\/div>[vc_column_text]<span class=\"value\">Po pobraniu krwi od Pacjenta nast\u0119puje proces przygotowania iPRF polegaj\u0105cy na odwirowaniu krwi w wir\u00f3wce przy zastosowaniu odpowiedniego algorytmu zabiegowego. iPRF wystrzykiwana jest przy wykorzystaniu techniki mezoteapii w okre\u015blone miejsca zabiegowe. Mezoterapia ig\u0142owa charakteryzuje si\u0119 du\u017c\u0105 liczb\u0105 wk\u0142u\u0107 podczas zabiegu, im wi\u0119cej, tym lepiej dla efektu terapii.<\/span>[\/vc_column_text][vc_empty_space height=&#8221;40px&#8221;]<div class=\"mkdf-section-title-holder mkdf-st-standard mkdf-st-title-left mkdf-st-normal-space \" style=\"text-align: left\">\n\t<div class=\"mkdf-st-inner\">\n\t\t\t\t\t<h3 class=\"mkdf-st-title\" >\n\t\t\t\tEFEKT ZABIEGU\t\t\t<\/h3>\n\t\t\t\t\t<\/div>\n<\/div>[vc_column_text]\u2022 G\u0142\u0119boka regeneracja i rewitalizacja sk\u00f3ry<br \/>\n\u2022 Odm\u0142odzenie sk\u00f3ry<br \/>\n\u2022 Redukcja bruzd, zmarszczek<br \/>\n\u2022 Usuwanie blizn potr\u0105dzikowych i innych, usuwanie rozst\u0119p\u00f3w<br \/>\n\u2022 Wspomaganie terapii wypadania w\u0142os\u00f3w<br \/>\n\u2022 Wype\u0142nienie zmarszczek<\/p>\n<div><span class=\"value\">Z uwagi na liczne drobne wk\u0142ucia przy podawaniu osocza istnieje mo\u017cliwo\u015b\u0107 pojawienia si\u0119 drobnych siniak\u00f3w na sk\u00f3rze. W wi\u0119kszo\u015bci przypadk\u00f3w nast\u0119pnego dnia nie wida\u0107 \u017cadnych \u015blad\u00f3w po wykonaniu zabiegu.<\/span><\/div>\n<p>[\/vc_column_text][vc_empty_space height=&#8221;40px&#8221;]<div class=\"mkdf-section-title-holder mkdf-st-standard mkdf-st-title-left mkdf-st-normal-space \" style=\"text-align: left\">\n\t<div class=\"mkdf-st-inner\">\n\t\t\t\t\t<h3 class=\"mkdf-st-title\" >\n\t\t\t\tMOZLIWE ZASTOSOWANIA\t\t\t<\/h3>\n\t\t\t\t\t<\/div>\n<\/div>[vc_column_text]iPRF ma podobne do osocza bogatop\u0142ytkowego zastosowanie w leczeniu \u0142ysienia, rozst\u0119p\u00f3w, blizn, ran oraz w ortopedii[\/vc_column_text][vc_empty_space height=&#8221;40px&#8221;]<div class=\"mkdf-section-title-holder mkdf-st-standard mkdf-st-title-left mkdf-st-normal-space \" style=\"text-align: left\">\n\t<div class=\"mkdf-st-inner\">\n\t\t\t\t\t<h3 class=\"mkdf-st-title\" >\n\t\t\t\tPRZED ZABIEGIEM\t\t\t<\/h3>\n\t\t\t\t\t<\/div>\n<\/div>[vc_column_text]Zabieg nie wymaga wcze\u015bniejszego przygotowania.[\/vc_column_text][vc_empty_space height=&#8221;40px&#8221;]<div class=\"mkdf-section-title-holder mkdf-st-standard mkdf-st-title-left mkdf-st-normal-space \" style=\"text-align: left\">\n\t<div class=\"mkdf-st-inner\">\n\t\t\t\t\t<h3 class=\"mkdf-st-title\" >\n\t\t\t\tPRZECIWWSKAZANIA DO ZABIEGU\t\t\t<\/h3>\n\t\t\t\t\t<\/div>\n<\/div>[vc_column_text]\u2022 ci\u0105\u017ca, okres karmienia piersi\u0105<\/p>\n<p>\u2022 choroby autoimmunologiczne<\/p>\n<p>\u2022 choroby przebiegaj\u0105ce z zaburzeniami funkcji lub liczby p\u0142ytek krwi<\/p>\n<p>\u2022 stany zapalne sk\u00f3ry<\/p>\n<p>\u2022 przyjmowanie lek\u00f3w przeciwzakrzepowych<\/p>\n<p>\u2022 choroby nowotworowe[\/vc_column_text][vc_empty_space height=&#8221;40px&#8221;]<div class=\"mkdf-accordion-holder clearfix mkdf-ac-default mkdf-accordion mkdf-ac-boxed\">\n\t<h5 class=\"mkdf-title-holder\">\n    <span class=\"mkdf-accordion-mark\">\n\t\t<span class=\"mkdf_icon_plus ion-plus\"><\/span>\n\t\t<span class=\"mkdf_icon_minus ion-minus\"><\/span>\n\t<\/span>\n\t<span class=\"mkdf-tab-title\">Cennik us\u0142ug<\/span>\n<\/h5>\n<div class=\"mkdf-accordion-content\">\n\t<div class=\"mkdf-accordion-content-inner\">\n\t\t[vc_column_text]<\/p>\n<div class=\"desc\">Jedna okolica do wyboru : Czo\u0142o \/ oczy \/ usta &#8211; 700 z\u0142<\/div>\n<div class=\"desc\">Ca\u0142a twarz &#8211; 1000 z\u0142<\/div>\n<div class=\"desc\">Twarz, szyja, dekolt &#8211; 1400 z\u0142<\/div>\n<div class=\"desc\">Sk\u00f3ra ow\u0142osiona g\u0142owy \/ leczenie \u0142ysienia &#8211; 800 z\u0142<\/div>\n<div class=\"desc\">Leczenie blizn i rozst\u0119p\u00f3w &#8211; od 700 z\u0142<\/div>\n<div class=\"desc\">Odm\u0142adzanie d\u0142oni &#8211; 1000 z\u0142<\/div>\n<p>[\/vc_column_text]\t<\/div>\n<\/div><\/div>[vc_empty_space height=&#8221;40px&#8221;][\/vc_column][\/vc_row]<\/p>\n<\/div>","protected":false},"excerpt":{"rendered":"<p>[vc_row][vc_column][vc_empty_space height=&#8221;80px&#8221;][\/vc_column][\/vc_row][vc_row row_content_width=&#8221;grid&#8221; css=&#8221;.vc_custom_1494253968547{padding-bottom: 70px !important;}&#8221;][vc_column width=&#8221;7\/12&#8243;][vc_empty_space height=&#8221;60px&#8221;][vc_empty_space height=&#8221;40px&#8221;][\/vc_column][vc_column width=&#8221;5\/12&#8243;][vc_empty_space height=&#8221;55px&#8221;][vc_single_image image=&#8221;10038&#8243; img_size=&#8221;full&#8221; alignment=&#8221;center&#8221;][\/vc_column][vc_column][vc_empty_space height=&#8221;40px&#8221;][vc_column_text]Podawanie fibryny bogatop\u0142ytkowej prowadzi do uwalniania czynnik\u00f3w wzrostu w ci\u0105gu kilku dni od zabiegu, oznacza to skuteczn\u0105 stymulacj\u0119 wzrostu naczy\u0144 krwiono\u015bnych, aktywacj\u0119 fibroblast\u00f3w i pobudzenie syntezy [&hellip;]<\/p>\n","protected":false},"author":1,"featured_media":0,"parent":9957,"menu_order":1,"comment_status":"closed","ping_status":"closed","template":"full-width.php","meta":{"_monsterinsights_skip_tracking":false,"_monsterinsights_sitenote_active":false,"_monsterinsights_sitenote_note":"","_monsterinsights_sitenote_category":0,"footnotes":""},"class_list":["post-10041","page","type-page","status-publish","hentry"],"_links":{"self":[{"href":"https:\/\/radtkeclinic.pl\/grudziadz\/wp-json\/wp\/v2\/pages\/10041","targetHints":{"allow":["GET"]}}],"collection":[{"href":"https:\/\/radtkeclinic.pl\/grudziadz\/wp-json\/wp\/v2\/pages"}],"about":[{"href":"https:\/\/radtkeclinic.pl\/grudziadz\/wp-json\/wp\/v2\/types\/page"}],"author":[{"embeddable":true,"href":"https:\/\/radtkeclinic.pl\/grudziadz\/wp-json\/wp\/v2\/users\/1"}],"replies":[{"embeddable":true,"href":"https:\/\/radtkeclinic.pl\/grudziadz\/wp-json\/wp\/v2\/comments?post=10041"}],"version-history":[{"count":3,"href":"https:\/\/radtkeclinic.pl\/grudziadz\/wp-json\/wp\/v2\/pages\/10041\/revisions"}],"predecessor-version":[{"id":10295,"href":"https:\/\/radtkeclinic.pl\/grudziadz\/wp-json\/wp\/v2\/pages\/10041\/revisions\/10295"}],"up":[{"embeddable":true,"href":"https:\/\/radtkeclinic.pl\/grudziadz\/wp-json\/wp\/v2\/pages\/9957"}],"wp:attachment":[{"href":"https:\/\/radtkeclinic.pl\/grudziadz\/wp-json\/wp\/v2\/media?parent=10041"}],"curies":[{"name":"wp","href":"https:\/\/api.w.org\/{rel}","templated":true}]}}