{"id":10029,"date":"2020-11-03T23:09:01","date_gmt":"2020-11-03T22:09:01","guid":{"rendered":"https:\/\/radtkeclinic.pl\/?page_id=10029"},"modified":"2020-12-15T10:21:08","modified_gmt":"2020-12-15T09:21:08","slug":"kwas-hialuronowy-neauvia","status":"publish","type":"page","link":"https:\/\/radtkeclinic.pl\/grudziadz\/medycyna-estetyczna\/kwas-hialuronowy-neauvia\/","title":{"rendered":"Kwas hialuronowy \u2013 Neauvia"},"content":{"rendered":"<div class=\"wpb-content-wrapper\"><p>[vc_row][vc_column][vc_empty_space height=&#8221;80px&#8221;]<div class=\"mkdf-elements-holder mkdf-one-column mkdf-responsive-mode-768\" ><div class=\"mkdf-eh-item \"  data-item-class=\"mkdf-eh-custom-801661\">\n\t<div class=\"mkdf-eh-item-inner\">\n\t\t<div class=\"mkdf-eh-item-content mkdf-eh-custom-801661\" >\n\t\t\t<div class=\"mkdf-section-title-holder mkdf-st-standard mkdf-st-title-left mkdf-st-normal-space \" style=\"text-align: center\">\n\t<div class=\"mkdf-st-inner\">\n\t\t\t\t\t<h2 class=\"mkdf-st-title\" >\n\t\t\t\tKwas hialuronowy \u2013 Neauvia\t\t\t<\/h2>\n\t\t\t\t\t<\/div>\n<\/div>\t\t<\/div>\n\t<\/div>\n<\/div><\/div>[\/vc_column][\/vc_row][vc_row row_content_width=&#8221;grid&#8221; css=&#8221;.vc_custom_1494253968547{padding-bottom: 70px !important;}&#8221;][vc_column width=&#8221;7\/12&#8243;][vc_empty_space height=&#8221;60px&#8221;]<div class=\"mkdf-elements-holder mkdf-one-column mkdf-responsive-mode-768\" ><div class=\"mkdf-eh-item \"  data-item-class=\"mkdf-eh-custom-393290\" data-768-1024=\"0px 0%\" data-600-768=\"0px 0%\" data-480-600=\"0px 0%\" data-480=\"0px 0%\">\n\t<div class=\"mkdf-eh-item-inner\">\n\t\t<div class=\"mkdf-eh-item-content mkdf-eh-custom-393290\" style=\"padding: 0 40px 0 0\">\n\t\t\t<div class=\"mkdf-section-title-holder mkdf-st-standard mkdf-st-title-left mkdf-st-normal-space \" style=\"text-align: left\">\n\t<div class=\"mkdf-st-inner\">\n\t\t\t\t\t<h3 class=\"mkdf-st-title\" >\n\t\t\t\tZASTOSOWANIE\t\t\t<\/h3>\n\t\t\t\t\t<\/div>\n<\/div>[vc_column_text]<\/p>\n<ul>\n<li>Powi\u0119kszanie i modelowanie ust<\/li>\n<li>Zmarszczki w okolicy twarzy i szyi<\/li>\n<li>Utrata obj\u0119to\u015bci policzk\u00f3w<\/li>\n<li>Zapadni\u0119te policzki, skronie<\/li>\n<li>Asymetria twarzy<\/li>\n<li>Krzywy mostek nosa<\/li>\n<li>Niewydatne ko\u015bci policzkowe<\/li>\n<\/ul>\n<p>[\/vc_column_text][vc_empty_space height=&#8221;20px&#8221;]\t\t<\/div>\n\t<\/div>\n<\/div><\/div>[vc_empty_space height=&#8221;40px&#8221;][\/vc_column][vc_column width=&#8221;5\/12&#8243;][vc_empty_space height=&#8221;55px&#8221;][vc_single_image image=&#8221;10030&#8243; img_size=&#8221;full&#8221; alignment=&#8221;center&#8221;][\/vc_column][vc_column][vc_empty_space height=&#8221;40px&#8221;]<div class=\"mkdf-section-title-holder mkdf-st-standard mkdf-st-title-left mkdf-st-normal-space \" style=\"text-align: left\">\n\t<div class=\"mkdf-st-inner\">\n\t\t\t\t\t<h3 class=\"mkdf-st-title\" >\n\t\t\t\tKWAS HIALURONOWY\t\t\t<\/h3>\n\t\t\t\t\t<\/div>\n<\/div>[vc_column_text]Kwas hialuronowy\u00a0\u2013 polisacharyd naturalnie znajduj\u0105cy si\u0119 w sk\u00f3rze, nale\u017cy do tzw. wype\u0142niaczy. Preparatem kwasu hialuronowego mo\u017cna skorygowa\u0107 takie niedoskona\u0142o\u015bci jak bruzdy nosowo \u2013 wargowe, opadni\u0119te k\u0105ciki ust,\u00a0 r\u00f3\u017cnej g\u0142\u0119boko\u015bci zmarszczki. Za pomoc\u0105 kwasu hialuronowego du\u017cej g\u0119sto\u015bci mo\u017cna skorygowa\u0107 kontury twarzy (ko\u015bci policzkowe, nos, podbr\u00f3dek, skro\u0144) lub doda\u0107 obj\u0119to\u015bci w okolicy policzk\u00f3w.\u00a0 Kwas hialuronowy wykorzystywany do zabiegu jest poddany sieciowaniu, czyli procesowi stabilizacji obj\u0119tego patentem. <span class=\"value\">Zabiegowi mo\u017cna podda\u0107 si\u0119 w ka\u017cdym wieku i systematycznie go powtarza\u0107.<\/span>[\/vc_column_text][vc_empty_space height=&#8221;40px&#8221;]<div class=\"mkdf-section-title-holder mkdf-st-standard mkdf-st-title-left mkdf-st-normal-space \" style=\"text-align: left\">\n\t<div class=\"mkdf-st-inner\">\n\t\t\t\t\t<h3 class=\"mkdf-st-title\" >\n\t\t\t\tJAK WYGL\u0104DA ZABIEG?\t\t\t<\/h3>\n\t\t\t\t\t<\/div>\n<\/div>[vc_column_text]Na pocz\u0105tku zabiegu znieczula si\u0119 sk\u00f3r\u0119 okolicy poddawanej leczeniu. W zale\u017cno\u015bci od potrzeby i okolicy u\u017cywa si\u0119 kremu znieczulaj\u0105cego lub lidokainy\/artykainy. Produkty wykorzystywane w medycynie estetycznej s\u0105 fabrycznie przygotowane do podania . Dobiera si\u0119 najlepsz\u0105 podania substancji wype\u0142niaj\u0105cej\u00a0 (np. wachlarzowa, linowa, punktowa). Kwas hialuronowy ma<span class=\"value\"> dzia\u0142anie wype\u0142niaj\u0105ce, ale tak\u017ce stymuluje tkanki do regeneracji, dzi\u0119ki czemu po wch\u0142oni\u0119ciu preparatu staj\u0105 si\u0119 one zdecydowanie p\u0142ytsze. <\/span>Zabieg trwa od 15 do 40 minut.[\/vc_column_text][vc_empty_space height=&#8221;40px&#8221;]<div class=\"mkdf-section-title-holder mkdf-st-standard mkdf-st-title-left mkdf-st-normal-space \" style=\"text-align: left\">\n\t<div class=\"mkdf-st-inner\">\n\t\t\t\t\t<h3 class=\"mkdf-st-title\" >\n\t\t\t\tPRZED ZABIEGIEM\t\t\t<\/h3>\n\t\t\t\t\t<\/div>\n<\/div>[vc_column_text]Zabieg nie wymaga wcze\u015bniejszego przygotowania.[\/vc_column_text][vc_empty_space height=&#8221;40px&#8221;]<div class=\"mkdf-section-title-holder mkdf-st-standard mkdf-st-title-left mkdf-st-normal-space \" style=\"text-align: left\">\n\t<div class=\"mkdf-st-inner\">\n\t\t\t\t\t<h3 class=\"mkdf-st-title\" >\n\t\t\t\tWOLUMETRIA WARZY \u2013 EFEKT ZABIEGU\t\t\t<\/h3>\n\t\t\t\t\t<\/div>\n<\/div>[vc_column_text]Zabieg wolumetrii twarzy nie ma na celu zmiany rys\u00f3w naszej twarzy, a wype\u0142nienie miejsc zaniku tkanki t\u0142uszczowej. Odm\u0142odzenie twarzy nast\u0119puje poprzez wstrzykni\u0119cie preparatu w wybrane obszary twarzy. Efekty zabiegu na zmarszczki i popraw\u0119 owalu twarzy to :<\/p>\n<p>\u2022 wyra\u017anie odm\u0142odzenie wygl\u0105du twarzy<\/p>\n<p>\u2022 poprawa i odbudowa owalu twarzy<\/p>\n<p>\u2022 lifting dolnej cz\u0119\u015bci twarzy<\/p>\n<p>\u2022 wymodelowanie i odbudowa ko\u015bci policzkowych<\/p>\n<p>\u2022 sp\u0142ycenie zmarszczek i bruzd[\/vc_column_text][vc_empty_space height=&#8221;40px&#8221;]<div class=\"mkdf-section-title-holder mkdf-st-standard mkdf-st-title-left mkdf-st-normal-space \" style=\"text-align: left\">\n\t<div class=\"mkdf-st-inner\">\n\t\t\t\t\t<h3 class=\"mkdf-st-title\" >\n\t\t\t\tNEAUVIA EXPLOSION\t\t\t<\/h3>\n\t\t\t\t\t<\/div>\n<\/div>[vc_column_text]Nowy zabieg dedykowany delikatnej sk\u00f3rze szyi i dekoltu.<\/p>\n<p>Zabieg poprawa elastyczno\u015b\u0107 i j\u0119drno\u015b\u0107 w tak trudnej i wra\u017cliwej okolicy<\/p>\n<p>To wyj\u0105tkowe po\u0142\u0105czenie dw\u00f3ch produkt\u00f3w:<\/p>\n<p>Hydro Deluxe i Intense Rheology \u2013 po\u0142\u0105czenie w\u0142a\u015bciwo\u015bci wype\u0142niacza i mezoterapii.[\/vc_column_text][vc_empty_space height=&#8221;40px&#8221;]<div class=\"mkdf-section-title-holder mkdf-st-standard mkdf-st-title-left mkdf-st-normal-space \" style=\"text-align: left\">\n\t<div class=\"mkdf-st-inner\">\n\t\t\t\t\t<h3 class=\"mkdf-st-title\" >\n\t\t\t\tNEAUVIA EXPLOSION \u2013 EFEKT ZABIEGU\t\t\t<\/h3>\n\t\t\t\t\t<\/div>\n<\/div>[vc_column_text]\u2022 rewitalizacja sk\u00f3ry szyi i dekoltu<\/p>\n<p>\u2022 nawil\u017cenie sk\u00f3ry<\/p>\n<p>\u2022 redukcja wiotko\u015bci<\/p>\n<p>\u2022 efekt subtelnego wype\u0142nienia i poprawy napi\u0119cia sk\u00f3ry[\/vc_column_text][vc_empty_space height=&#8221;40px&#8221;]<div class=\"mkdf-section-title-holder mkdf-st-standard mkdf-st-title-left mkdf-st-normal-space \" style=\"text-align: left\">\n\t<div class=\"mkdf-st-inner\">\n\t\t\t\t\t<h3 class=\"mkdf-st-title\" >\n\t\t\t\tPRZECIWWSKAZANIA DO ZABIEGU Z U\u017bYCIEM KWASU HIALURONOWEGO\t\t\t<\/h3>\n\t\t\t\t\t<\/div>\n<\/div>[vc_column_text]\u2022 ci\u0105\u017ca i karmienie piersi\u0105<\/p>\n<p>\u2022 choroby autoimmunologiczne<\/p>\n<p>\u2022 sk\u0142onno\u015b\u0107 do powstawania keloid\u00f3w<\/p>\n<p>\u2022 stany zapalne sk\u00f3ry<\/p>\n<p>\u2022 przyjmowanie lek\u00f3w przeciwzakrzepowych<\/p>\n<p>\u2022 implanty trwa\u0142e w danej okolicy[\/vc_column_text][vc_empty_space height=&#8221;40px&#8221;][vc_single_image image=&#8221;10031&#8243; img_size=&#8221;full&#8221; alignment=&#8221;center&#8221;][vc_empty_space height=&#8221;40px&#8221;][vc_empty_space height=&#8221;40px&#8221;][\/vc_column][\/vc_row]<\/p>\n<\/div>","protected":false},"excerpt":{"rendered":"<p>[vc_row][vc_column][vc_empty_space height=&#8221;80px&#8221;][\/vc_column][\/vc_row][vc_row row_content_width=&#8221;grid&#8221; css=&#8221;.vc_custom_1494253968547{padding-bottom: 70px !important;}&#8221;][vc_column width=&#8221;7\/12&#8243;][vc_empty_space height=&#8221;60px&#8221;][vc_empty_space height=&#8221;40px&#8221;][\/vc_column][vc_column width=&#8221;5\/12&#8243;][vc_empty_space height=&#8221;55px&#8221;][vc_single_image image=&#8221;10030&#8243; img_size=&#8221;full&#8221; alignment=&#8221;center&#8221;][\/vc_column][vc_column][vc_empty_space height=&#8221;40px&#8221;][vc_column_text]Kwas hialuronowy\u00a0\u2013 polisacharyd naturalnie znajduj\u0105cy si\u0119 w sk\u00f3rze, nale\u017cy do tzw. wype\u0142niaczy. Preparatem kwasu hialuronowego mo\u017cna skorygowa\u0107 takie niedoskona\u0142o\u015bci jak bruzdy nosowo \u2013 wargowe, opadni\u0119te k\u0105ciki [&hellip;]<\/p>\n","protected":false},"author":1,"featured_media":0,"parent":9957,"menu_order":1,"comment_status":"closed","ping_status":"closed","template":"full-width.php","meta":{"_monsterinsights_skip_tracking":false,"_monsterinsights_sitenote_active":false,"_monsterinsights_sitenote_note":"","_monsterinsights_sitenote_category":0,"footnotes":""},"class_list":["post-10029","page","type-page","status-publish","hentry"],"_links":{"self":[{"href":"https:\/\/radtkeclinic.pl\/grudziadz\/wp-json\/wp\/v2\/pages\/10029","targetHints":{"allow":["GET"]}}],"collection":[{"href":"https:\/\/radtkeclinic.pl\/grudziadz\/wp-json\/wp\/v2\/pages"}],"about":[{"href":"https:\/\/radtkeclinic.pl\/grudziadz\/wp-json\/wp\/v2\/types\/page"}],"author":[{"embeddable":true,"href":"https:\/\/radtkeclinic.pl\/grudziadz\/wp-json\/wp\/v2\/users\/1"}],"replies":[{"embeddable":true,"href":"https:\/\/radtkeclinic.pl\/grudziadz\/wp-json\/wp\/v2\/comments?post=10029"}],"version-history":[{"count":3,"href":"https:\/\/radtkeclinic.pl\/grudziadz\/wp-json\/wp\/v2\/pages\/10029\/revisions"}],"predecessor-version":[{"id":10127,"href":"https:\/\/radtkeclinic.pl\/grudziadz\/wp-json\/wp\/v2\/pages\/10029\/revisions\/10127"}],"up":[{"embeddable":true,"href":"https:\/\/radtkeclinic.pl\/grudziadz\/wp-json\/wp\/v2\/pages\/9957"}],"wp:attachment":[{"href":"https:\/\/radtkeclinic.pl\/grudziadz\/wp-json\/wp\/v2\/media?parent=10029"}],"curies":[{"name":"wp","href":"https:\/\/api.w.org\/{rel}","templated":true}]}}