{"id":10012,"date":"2020-11-03T22:35:53","date_gmt":"2020-11-03T21:35:53","guid":{"rendered":"https:\/\/radtkeclinic.pl\/?page_id=10012"},"modified":"2020-12-15T10:28:35","modified_gmt":"2020-12-15T09:28:35","slug":"toksyna-botulinowa-wygladzanie-zmarszczek","status":"publish","type":"page","link":"https:\/\/radtkeclinic.pl\/grudziadz\/medycyna-estetyczna\/toksyna-botulinowa-wygladzanie-zmarszczek\/","title":{"rendered":"Toksyna botulinowa \u2013 wyg\u0142adzanie zmarszczek"},"content":{"rendered":"<div class=\"wpb-content-wrapper\"><p>[vc_row][vc_column][vc_empty_space height=&#8221;80px&#8221;]<div class=\"mkdf-elements-holder mkdf-one-column mkdf-responsive-mode-768\" ><div class=\"mkdf-eh-item \"  data-item-class=\"mkdf-eh-custom-700966\">\n\t<div class=\"mkdf-eh-item-inner\">\n\t\t<div class=\"mkdf-eh-item-content mkdf-eh-custom-700966\" >\n\t\t\t<div class=\"mkdf-section-title-holder mkdf-st-standard mkdf-st-title-left mkdf-st-normal-space \" style=\"text-align: center\">\n\t<div class=\"mkdf-st-inner\">\n\t\t\t\t\t<h2 class=\"mkdf-st-title\" >\n\t\t\t\tToksyna botulinowa \u2013 wyg\u0142adzanie zmarszczek\t\t\t<\/h2>\n\t\t\t\t\t<\/div>\n<\/div>\t\t<\/div>\n\t<\/div>\n<\/div><\/div>[\/vc_column][\/vc_row][vc_row row_content_width=&#8221;grid&#8221; css=&#8221;.vc_custom_1494253968547{padding-bottom: 70px !important;}&#8221;][vc_column width=&#8221;7\/12&#8243;][vc_empty_space height=&#8221;60px&#8221;]<div class=\"mkdf-elements-holder mkdf-one-column mkdf-responsive-mode-768\" ><div class=\"mkdf-eh-item \"  data-item-class=\"mkdf-eh-custom-167742\" data-768-1024=\"0px 0%\" data-600-768=\"0px 0%\" data-480-600=\"0px 0%\" data-480=\"0px 0%\">\n\t<div class=\"mkdf-eh-item-inner\">\n\t\t<div class=\"mkdf-eh-item-content mkdf-eh-custom-167742\" style=\"padding: 0 40px 0 0\">\n\t\t\t<div class=\"mkdf-section-title-holder mkdf-st-standard mkdf-st-title-left mkdf-st-normal-space \" style=\"text-align: left\">\n\t<div class=\"mkdf-st-inner\">\n\t\t\t\t\t<h3 class=\"mkdf-st-title\" >\n\t\t\t\tWSKAZANIA\t\t\t<\/h3>\n\t\t\t\t\t<\/div>\n<\/div>[vc_column_text]<\/p>\n<ul>\n<li>Zmarszczki poprzeczne i pionowe czo\u0142a<\/li>\n<li>Zmarszczki wok\u00f3\u0142 oczu (kurze \u0142apki)<\/li>\n<li>Zmarszczki na nosie<\/li>\n<li>Usta palacza<\/li>\n<li>Opadaj\u0105ca linia brwi<\/li>\n<li>Marszcz\u0105ca si\u0119 (marmurkowa) broda<\/li>\n<li>Szeroka szcz\u0119ka<\/li>\n<\/ul>\n<p>[\/vc_column_text][vc_empty_space height=&#8221;20px&#8221;]\t\t<\/div>\n\t<\/div>\n<\/div><\/div>[vc_empty_space height=&#8221;40px&#8221;][\/vc_column][vc_column width=&#8221;5\/12&#8243;][vc_empty_space height=&#8221;55px&#8221;][vc_single_image image=&#8221;10014&#8243; img_size=&#8221;full&#8221; alignment=&#8221;center&#8221;][\/vc_column][vc_column][vc_empty_space height=&#8221;40px&#8221;]<div class=\"mkdf-section-title-holder mkdf-st-standard mkdf-st-title-left mkdf-st-normal-space \" style=\"text-align: left\">\n\t<div class=\"mkdf-st-inner\">\n\t\t\t\t\t<h3 class=\"mkdf-st-title\" >\n\t\t\t\tTOKSYNA BOTULINOWA\t\t\t<\/h3>\n\t\t\t\t\t<\/div>\n<\/div>[vc_column_text]Preparat do czasowego usuwania bruzd i zmarszczek. Daje szybki i pewny efekt dzi\u0119ki rozlu\u017anieniu mi\u0119\u015bni powoduj\u0105cych te niedoskona\u0142o\u015bci. Podczas zabiegu mo\u017cna usuwa\u0107 zmarszczki czo\u0142a lub wok\u00f3\u0142 oczu. Toksyna botulinowa wykorzystywana jest do \u0142agodzenia owalu twarzy w przypadku szerokiej szcz\u0119ki. Mo\u017cna te\u017c j\u0105 stosowa\u0107 w celu leczenia bruksizmu, czyli mimowolnego zaciskania z\u0119b\u00f3w.[\/vc_column_text][vc_empty_space height=&#8221;40px&#8221;]<div class=\"mkdf-section-title-holder mkdf-st-standard mkdf-st-title-left mkdf-st-normal-space \" style=\"text-align: left\">\n\t<div class=\"mkdf-st-inner\">\n\t\t\t\t\t<h3 class=\"mkdf-st-title\" >\n\t\t\t\tJAK WYGL\u0104DA ZABIEG?\t\t\t<\/h3>\n\t\t\t\t\t<\/div>\n<\/div>[vc_column_text]Podaje si\u0119 roztw\u00f3r toksyny botulinowej w odpowiednie punkty na twarzy. Ilo\u015b\u0107 wstrzykni\u0119tego produktu jest dobierana indywidualnie.[\/vc_column_text][vc_empty_space height=&#8221;40px&#8221;][vc_single_image image=&#8221;10017&#8243; img_size=&#8221;full&#8221; alignment=&#8221;center&#8221;][vc_empty_space height=&#8221;40px&#8221;]<div class=\"mkdf-section-title-holder mkdf-st-standard mkdf-st-title-left mkdf-st-normal-space \" style=\"text-align: left\">\n\t<div class=\"mkdf-st-inner\">\n\t\t\t\t\t<h3 class=\"mkdf-st-title\" >\n\t\t\t\tPRZED ZABIEGIEM I PO ZABIEGU\t\t\t<\/h3>\n\t\t\t\t\t<\/div>\n<\/div>[vc_column_text]Zabieg nie wymaga wcze\u015bniejszego przygotowania.<\/p>\n<p>\u2022 Przez oko\u0142o 5-6 godzin po zabiegu powinno si\u0119 unika\u0107 schylania, le\u017cenia, skakania i dotykania leczonego obszaru<\/p>\n<p>\u2022 Przez kilkana\u015bcie godzin po zabiegu stara\u0107 si\u0119 ograniczy\u0107 mimik\u0119 twarzy<\/p>\n<p>\u2022 Przez co najmniej 24 godziny nie wykonywa\u0107 \u0107wicze\u0144 fizycznych takich jak \u0107wiczenia na si\u0142owni, fitness, bieganie<\/p>\n<p>\u2022 Przez kilka dni po zabiegu nie u\u017cywa\u0107 peeling\u00f3w do twarzy oraz nie masowa\u0107 miejsca nak\u0142u\u0107 i okolic<\/p>\n<p>\u2022 Unika\u0107 sauny, \u0142a\u017ani parowych oraz unika\u0107 przebywania na s\u0142o\u0144cu czy korzystania z solarium[\/vc_column_text][vc_empty_space height=&#8221;40px&#8221;]<div class=\"mkdf-section-title-holder mkdf-st-standard mkdf-st-title-left mkdf-st-normal-space \" style=\"text-align: left\">\n\t<div class=\"mkdf-st-inner\">\n\t\t\t\t\t<h3 class=\"mkdf-st-title\" >\n\t\t\t\tPRZECIWWSKAZANIA\t\t\t<\/h3>\n\t\t\t\t\t<\/div>\n<\/div>[vc_column_text]\u2022 ci\u0105\u017ca i karmienie piersi\u0105<\/p>\n<p>\u2022 alergia na toksyn\u0119 botulinow\u0105 typu A<\/p>\n<p>\u2022 choroby p\u0142ytki nerwowo-mi\u0119\u015bniowej<\/p>\n<p>\u2022 przyjmowanie niekt\u00f3rych antybiotyk\u00f3w<\/p>\n<p>\u2022 przewlek\u0142e choroby autoimmunologiczne<\/p>\n<p>\u2022 miejscowe infekcje sk\u00f3ry[\/vc_column_text][vc_empty_space height=&#8221;40px&#8221;][vc_single_image image=&#8221;10020&#8243; img_size=&#8221;full&#8221; alignment=&#8221;center&#8221;][vc_empty_space height=&#8221;40px&#8221;][vc_empty_space height=&#8221;40px&#8221;][\/vc_column][\/vc_row]<\/p>\n<\/div>","protected":false},"excerpt":{"rendered":"<p>[vc_row][vc_column][vc_empty_space height=&#8221;80px&#8221;][\/vc_column][\/vc_row][vc_row row_content_width=&#8221;grid&#8221; css=&#8221;.vc_custom_1494253968547{padding-bottom: 70px !important;}&#8221;][vc_column width=&#8221;7\/12&#8243;][vc_empty_space height=&#8221;60px&#8221;][vc_empty_space height=&#8221;40px&#8221;][\/vc_column][vc_column width=&#8221;5\/12&#8243;][vc_empty_space height=&#8221;55px&#8221;][vc_single_image image=&#8221;10014&#8243; img_size=&#8221;full&#8221; alignment=&#8221;center&#8221;][\/vc_column][vc_column][vc_empty_space height=&#8221;40px&#8221;][vc_column_text]Preparat do czasowego usuwania bruzd i zmarszczek. Daje szybki i pewny efekt dzi\u0119ki rozlu\u017anieniu mi\u0119\u015bni powoduj\u0105cych te niedoskona\u0142o\u015bci. Podczas zabiegu mo\u017cna usuwa\u0107 zmarszczki czo\u0142a lub wok\u00f3\u0142 [&hellip;]<\/p>\n","protected":false},"author":1,"featured_media":0,"parent":9957,"menu_order":1,"comment_status":"closed","ping_status":"closed","template":"full-width.php","meta":{"_monsterinsights_skip_tracking":false,"_monsterinsights_sitenote_active":false,"_monsterinsights_sitenote_note":"","_monsterinsights_sitenote_category":0,"footnotes":""},"class_list":["post-10012","page","type-page","status-publish","hentry"],"_links":{"self":[{"href":"https:\/\/radtkeclinic.pl\/grudziadz\/wp-json\/wp\/v2\/pages\/10012","targetHints":{"allow":["GET"]}}],"collection":[{"href":"https:\/\/radtkeclinic.pl\/grudziadz\/wp-json\/wp\/v2\/pages"}],"about":[{"href":"https:\/\/radtkeclinic.pl\/grudziadz\/wp-json\/wp\/v2\/types\/page"}],"author":[{"embeddable":true,"href":"https:\/\/radtkeclinic.pl\/grudziadz\/wp-json\/wp\/v2\/users\/1"}],"replies":[{"embeddable":true,"href":"https:\/\/radtkeclinic.pl\/grudziadz\/wp-json\/wp\/v2\/comments?post=10012"}],"version-history":[{"count":10,"href":"https:\/\/radtkeclinic.pl\/grudziadz\/wp-json\/wp\/v2\/pages\/10012\/revisions"}],"predecessor-version":[{"id":10129,"href":"https:\/\/radtkeclinic.pl\/grudziadz\/wp-json\/wp\/v2\/pages\/10012\/revisions\/10129"}],"up":[{"embeddable":true,"href":"https:\/\/radtkeclinic.pl\/grudziadz\/wp-json\/wp\/v2\/pages\/9957"}],"wp:attachment":[{"href":"https:\/\/radtkeclinic.pl\/grudziadz\/wp-json\/wp\/v2\/media?parent=10012"}],"curies":[{"name":"wp","href":"https:\/\/api.w.org\/{rel}","templated":true}]}}