{"id":6825,"date":"2017-04-21T12:34:06","date_gmt":"2017-04-21T12:34:06","guid":{"rendered":"http:\/\/mediclinic.mikado-themes.com\/?page_id=6825"},"modified":"2025-07-13T22:48:19","modified_gmt":"2025-07-13T20:48:19","slug":"klinika","status":"publish","type":"page","link":"https:\/\/radtkeclinic.pl\/bydgoszcz\/klinika\/","title":{"rendered":"Klinika"},"content":{"rendered":"<div class=\"wpb-content-wrapper\"><p>[vc_row][vc_column][vc_empty_space height=&#8221;80px&#8221;]<div class=\"mkdf-elements-holder mkdf-one-column mkdf-responsive-mode-768\" ><div class=\"mkdf-eh-item \"  data-item-class=\"mkdf-eh-custom-467943\">\n\t<div class=\"mkdf-eh-item-inner\">\n\t\t<div class=\"mkdf-eh-item-content mkdf-eh-custom-467943\" >\n\t\t\t<div class=\"mkdf-section-title-holder mkdf-st-standard mkdf-st-title-left mkdf-st-normal-space \" style=\"text-align: center\">\n\t<div class=\"mkdf-st-inner\">\n\t\t\t\t\t<h2 class=\"mkdf-st-title\" >\n\t\t\t\tWszyscy specjali\u015bci w jednym miejscu\t\t\t<\/h2>\n\t\t\t\t\t<\/div>\n<\/div>\t\t<\/div>\n\t<\/div>\n<\/div><\/div>[\/vc_column][\/vc_row][vc_row row_content_width=&#8221;grid&#8221; css=&#8221;.vc_custom_1494253968547{padding-bottom: 70px !important;}&#8221;][vc_column width=&#8221;7\/12&#8243;][vc_empty_space height=&#8221;40px&#8221;]<div class=\"mkdf-elements-holder mkdf-one-column mkdf-responsive-mode-768\" ><div class=\"mkdf-eh-item \"  data-item-class=\"mkdf-eh-custom-861953\" data-768-1024=\"0px 0%\" data-600-768=\"0px 0%\" data-480-600=\"0px 0%\" data-480=\"0px 0%\">\n\t<div class=\"mkdf-eh-item-inner\">\n\t\t<div class=\"mkdf-eh-item-content mkdf-eh-custom-861953\" style=\"padding: 0 40px 0 0\">\n\t\t\t[vc_column_text css=&#8221;&#8221;]<\/p>\n<p style=\"text-align: justify;\">\u00a0\u00a0\u00a0\u00a0 Radtke Clinic Centrum Medyczne jest prywatnym o\u015brodkiem prowadzonym przez Magdalen\u0119 i Krzysztofa Radtke. Mie\u015bci si\u0119 w centrum miasta, w bardzo dogodnym miejscu. Klinika sk\u0142ada si\u0119 z trzech przestronnych, nowocze\u015bnie wyposa\u017conych gabinet\u00f3w oraz centralnie usytuowanej recepcji z komfortowym miejscem oczekiwania na wizyt\u0119.<\/p>\n<p>[\/vc_column_text][vc_empty_space height=&#8221;20px&#8221;][vc_column_text css=&#8221;&#8221;]<\/p>\n<p style=\"text-align: justify;\">\u00a0\u00a0\u00a0\u00a0 Radtke Clinic to wyj\u0105tkowe miejsce dla os\u00f3b ceni\u0105cych profesjonaln\u0105 i troskliw\u0105 opiek\u0119 w przyjaznej atmosferze. Klinika skupia specjalist\u00f3w o wysokich kwalifikacjach, kt\u00f3rzy swe do\u015bwiadczenie zawodowe opieraj\u0105 o lata praktyki w oddzia\u0142ach szpitalnych i przychodniach. S\u0105 to osoby pe\u0142ne pasji i zaanga\u017cowania, kt\u00f3re cyklicznie poszerzaj\u0105 swe umiej\u0119tno\u015bci i wiedz\u0119 poprzez udzia\u0142 w licznych konferencjach czy sympozjach naukowych. W Radtke Clinic do pacjenta podchodzimy kompleksowo, dbaj\u0105c o jego zdrowie fizyczne, psychiczne i dobre samopoczucie.<\/p>\n<p>[\/vc_column_text]\t\t<\/div>\n\t<\/div>\n<\/div><\/div>[vc_empty_space height=&#8221;40px&#8221;][\/vc_column][vc_column width=&#8221;5\/12&#8243;][vc_empty_space height=&#8221;55px&#8221;][vc_single_image image=&#8221;10759&#8243; img_size=&#8221;full&#8221; alignment=&#8221;center&#8221;][\/vc_column][vc_column][vc_empty_space height=&#8221;40px&#8221;][vc_column_text]<\/p>\n<p style=\"text-align: justify;\">\u00a0\u00a0\u00a0\u00a0 W dzisiejszych czasach w dobie pr\u0119\u017cnie rozwijaj\u0105cego si\u0119 rynku us\u0142ug medycznych,\u00a0 du\u017cej konkurencji, a tak\u017ce wzro\u015bcie \u015bwiadomo\u015bci pacjent\u00f3w, ich potrzeb oraz oczekiwa\u0144 dotycz\u0105cych us\u0142ug medycznych istotna jest jako\u015b\u0107 oferowanych us\u0142ug. Dlatego naszym celem jest zapewnienie naszym pacjentom wysokiej jako\u015bci us\u0142ug medycznych, \u015bwiadczonych przez profesjonalny personel, zgodnie z aktualn\u0105 wiedz\u0105 medyczn\u0105, etyk\u0105 lekarsk\u0105, w poszanowaniu godno\u015bci i prywatno\u015bci pacjenta. Istotne jest dla nas, aby naszym pacjentom opr\u00f3cz trafnej diagnozy zaoferowa\u0107 empatyczne podej\u015bcie, wys\u0142uchanie ich potrzeb i sugestii oraz traktowanie w spos\u00f3b podmiotowy.<\/p>\n<p style=\"text-align: center;\"><strong>Serdecznie zapraszamy do skorzystania z us\u0142ug naszej kliniki.<\/strong><\/p>\n<p style=\"text-align: center;\"><strong>Magdalena i Krzysztof Radtke<\/strong><\/p>\n<p>[\/vc_column_text][vc_empty_space height=&#8221;40px&#8221;]<div class=\"mkdf-image-gallery mkdf-ig-grid-type mkdf-image-behavior-lightbox\">\n\t<div class=\"mkdf-ig-inner mkdf-ig-grid mkdf-ig-three-columns mkdf-ig-normal-space\">\n\t\t\t\t\t<div class=\"mkdf-ig-image\">\n\t\t\t\t<div class=\"mkdf-ig-image-inner\">\n\t\t\t\t\t\t\t\t\t\t\t<a itemprop=\"image\" class=\"mkdf-ig-lightbox\" href=\"https:\/\/radtkeclinic.pl\/bydgoszcz\/wp-content\/uploads\/2022_09_15_nasieniewski_021_2000px-usg-kris.jpg\" data-rel=\"prettyPhoto[image_gallery_pretty_photo-642]\" title=\"2022_09_15_nasieniewski_021_2000px usg kris\">\n\t\t\t\t\t\t\t\t\t\t\t<img loading=\"lazy\" decoding=\"async\" width=\"2000\" height=\"1331\" src=\"https:\/\/radtkeclinic.pl\/bydgoszcz\/wp-content\/uploads\/2022_09_15_nasieniewski_021_2000px-usg-kris.jpg\" class=\"attachment-full size-full\" alt=\"\" srcset=\"https:\/\/radtkeclinic.pl\/bydgoszcz\/wp-content\/uploads\/2022_09_15_nasieniewski_021_2000px-usg-kris.jpg 2000w, https:\/\/radtkeclinic.pl\/bydgoszcz\/wp-content\/uploads\/2022_09_15_nasieniewski_021_2000px-usg-kris-300x200.jpg 300w, https:\/\/radtkeclinic.pl\/bydgoszcz\/wp-content\/uploads\/2022_09_15_nasieniewski_021_2000px-usg-kris-1024x681.jpg 1024w, https:\/\/radtkeclinic.pl\/bydgoszcz\/wp-content\/uploads\/2022_09_15_nasieniewski_021_2000px-usg-kris-768x511.jpg 768w, https:\/\/radtkeclinic.pl\/bydgoszcz\/wp-content\/uploads\/2022_09_15_nasieniewski_021_2000px-usg-kris-1536x1022.jpg 1536w\" sizes=\"auto, (max-width: 2000px) 100vw, 2000px\" \/>\t\t\t\t\t\t\t\t\t\t\t<\/a>\n\t\t\t\t\t\t\t\t\t<\/div>\n\t\t\t<\/div>\n\t\t\t<\/div>\n<\/div>[vc_empty_space height=&#8221;40px&#8221;][\/vc_column][\/vc_row]<\/p>\n<\/div>","protected":false},"excerpt":{"rendered":"<p>[vc_row][vc_column][vc_empty_space height=&#8221;80px&#8221;][\/vc_column][\/vc_row][vc_row row_content_width=&#8221;grid&#8221; css=&#8221;.vc_custom_1494253968547{padding-bottom: 70px !important;}&#8221;][vc_column width=&#8221;7\/12&#8243;][vc_empty_space height=&#8221;40px&#8221;][vc_empty_space height=&#8221;40px&#8221;][\/vc_column][vc_column width=&#8221;5\/12&#8243;][vc_empty_space height=&#8221;55px&#8221;][vc_single_image image=&#8221;10759&#8243; img_size=&#8221;full&#8221; alignment=&#8221;center&#8221;][\/vc_column][vc_column][vc_empty_space height=&#8221;40px&#8221;][vc_column_text] \u00a0\u00a0\u00a0\u00a0 W dzisiejszych czasach w dobie pr\u0119\u017cnie rozwijaj\u0105cego si\u0119 rynku us\u0142ug medycznych,\u00a0 du\u017cej konkurencji, a tak\u017ce wzro\u015bcie \u015bwiadomo\u015bci pacjent\u00f3w, ich potrzeb oraz oczekiwa\u0144 dotycz\u0105cych us\u0142ug [&hellip;]<\/p>\n","protected":false},"author":1,"featured_media":0,"parent":0,"menu_order":1,"comment_status":"closed","ping_status":"closed","template":"full-width.php","meta":{"footnotes":""},"class_list":["post-6825","page","type-page","status-publish","hentry"],"_links":{"self":[{"href":"https:\/\/radtkeclinic.pl\/bydgoszcz\/wp-json\/wp\/v2\/pages\/6825","targetHints":{"allow":["GET"]}}],"collection":[{"href":"https:\/\/radtkeclinic.pl\/bydgoszcz\/wp-json\/wp\/v2\/pages"}],"about":[{"href":"https:\/\/radtkeclinic.pl\/bydgoszcz\/wp-json\/wp\/v2\/types\/page"}],"author":[{"embeddable":true,"href":"https:\/\/radtkeclinic.pl\/bydgoszcz\/wp-json\/wp\/v2\/users\/1"}],"replies":[{"embeddable":true,"href":"https:\/\/radtkeclinic.pl\/bydgoszcz\/wp-json\/wp\/v2\/comments?post=6825"}],"version-history":[{"count":55,"href":"https:\/\/radtkeclinic.pl\/bydgoszcz\/wp-json\/wp\/v2\/pages\/6825\/revisions"}],"predecessor-version":[{"id":10953,"href":"https:\/\/radtkeclinic.pl\/bydgoszcz\/wp-json\/wp\/v2\/pages\/6825\/revisions\/10953"}],"wp:attachment":[{"href":"https:\/\/radtkeclinic.pl\/bydgoszcz\/wp-json\/wp\/v2\/media?parent=6825"}],"curies":[{"name":"wp","href":"https:\/\/api.w.org\/{rel}","templated":true}]}}